{"id":3,"date":"2024-02-16T18:37:23","date_gmt":"2024-02-16T18:37:23","guid":{"rendered":"https:\/\/oportunidadesdigitales.online\/redress\/?page_id=3"},"modified":"2024-04-08T19:04:41","modified_gmt":"2024-04-08T19:04:41","slug":"aviso-de-privacidad","status":"publish","type":"page","link":"https:\/\/redressmx.com\/index.php\/aviso-de-privacidad\/","title":{"rendered":"Aviso de privacidad"},"content":{"rendered":"\t\t<div data-elementor-type=\"wp-page\" data-elementor-id=\"3\" class=\"elementor elementor-3\" data-elementor-post-type=\"page\">\n\t\t\t\t<div class=\"elementor-element elementor-element-edc9a91 e-con-full e-flex e-con e-parent\" data-id=\"edc9a91\" data-element_type=\"container\" data-e-type=\"container\" data-settings=\"{&quot;background_background&quot;:&quot;classic&quot;}\">\n\t\t\t\t<\/div>\n\t\t<div class=\"elementor-element elementor-element-80b64d9 e-con-full e-flex e-con e-parent\" data-id=\"80b64d9\" data-element_type=\"container\" data-e-type=\"container\">\n\t\t\t\t<div class=\"elementor-element elementor-element-c040b3c elementor-widget elementor-widget-heading\" data-id=\"c040b3c\" data-element_type=\"widget\" data-e-type=\"widget\" data-widget_type=\"heading.default\">\n\t\t\t\t<div class=\"elementor-widget-container\">\n\t\t\t\t\t<h2 class=\"elementor-heading-title elementor-size-default\">Aviso de <span style=\"font-style: italic;font-weight:500\">privacidad<\/span><\/h2>\t\t\t\t<\/div>\n\t\t\t\t<\/div>\n\t\t\t\t<\/div>\n\t\t<div class=\"elementor-element elementor-element-60ab6bb0 e-flex e-con-boxed e-con e-parent\" data-id=\"60ab6bb0\" data-element_type=\"container\" data-e-type=\"container\">\n\t\t\t\t\t<div class=\"e-con-inner\">\n\t\t\t\t<div class=\"elementor-element elementor-element-6321e71e elementor-widget elementor-widget-text-editor\" data-id=\"6321e71e\" data-element_type=\"widget\" data-e-type=\"widget\" data-widget_type=\"text-editor.default\">\n\t\t\t\t<div class=\"elementor-widget-container\">\n\t\t\t\t\t\t\t\t\t<p><span style=\"text-align: var(--text-align); font-family: -apple-system, BlinkMacSystemFont, 'Segoe UI', Roboto, 'Helvetica Neue', Arial, 'Noto Sans', sans-serif, 'Apple Color Emoji', 'Segoe UI Emoji', 'Segoe UI Symbol', 'Noto Color Emoji'; font-size: 1rem;\"><b>FECHA DE \u00daLTIMA REVISI\u00d3N<\/b>: marzo 2024<\/span><\/p>\n<p>En cumplimiento a lo establecido en la Ley Federal de Protecci\u00f3n de Datos Personales en Posesi\u00f3n de los Particulares y su Reglamento, as\u00ed como por lo previsto en el art\u00edculo 76 BIS de la Ley Federal de Protecci\u00f3n al Consumidor y dem\u00e1s relativos y vigentes, te informamos que los datos que nos facilites a trav\u00e9s del sitio web www.redressmx.com y las aplicaciones de m\u00f3vil (en adelante, el \u201cSitio\u201d) pasar\u00e1n a formar parte de una Base de Datos de la cual es responsable de tratamiento:<\/p>\n<p>Domicilio: Secretaria de la Marina 427, colonia: Vista Hermosa, 05120.<\/p>\n<p>Re-Dress tiene la preocupaci\u00f3n constante de proteger y respetar tu privacidad, por lo que en todo momento se observar\u00e1n los principios de licitud, consentimiento, informaci\u00f3n, calidad, finalidad, lealtad, proporcionalidad y responsabilidad previstos en la legislaci\u00f3n mexicana aplicable en materia de protecci\u00f3n de datos.<\/p>\n<p>A continuaci\u00f3n, encontrar\u00e1s informaci\u00f3n sobre c\u00f3mo se recogen y tratan tus datos de car\u00e1cter personal. Te recomendamos leer cuidadosamente lo siguiente.<\/p>\n<p><u>1. Recopilaci\u00f3n y tratamiento de los datos:<\/u><br>1.1. Naturaleza de los datos, finalidad del tratamiento y base legitimadora.<br>Para efectos de nuestra base de datos, podemos recolectar y procesar lo siguiente:<br>Datos que nos proporcionas para registrarte como usuario: datos de contacto (nombre, apellidos, usuario, e-mail, y contrase\u00f1a).<br>Trataremos tus datos personales para la siguiente finalidad principal: gestionar el alta como \u201cusuario registrado\u201d a trav\u00e9s del formulario de registro situado en el Sitio.<br>La informaci\u00f3n compartida, por tanto, depender\u00e1 de la configuraci\u00f3n que hayas determinado en tu perfil. Es posible que tambi\u00e9n te pidamos que completes encuestas que utilizaremos con fines de investigaci\u00f3n, a pesar de que no tienes que responder a ellas.<br>La base que legitima el tratamiento de los datos ser\u00e1 en todo momento tu consentimiento, que se recoge una vez has sido informado acerca de los detalles del tratamiento. Podr\u00e1s retirar el consentimiento en cualquier momento poni\u00e9ndote en contacto con: info@redressmx.com<br>Datos recabados para ofrecerte informaci\u00f3n comercial: datos de identificativos y de contacto (nombre, apellidos, email). Esta informaci\u00f3n ser\u00e1 tratada con la finalidad de remitirle por correo electr\u00f3nico, ofertas e informaci\u00f3n comercial sobre los productos o servicios ofrecidos.<br>Informaci\u00f3n proporcionada cuando compras productos: datos de contacto (nombre, apellidos, direcci\u00f3n, y tel\u00e9fono) y datos bancarios.<br>Esta informaci\u00f3n ser\u00e1 tratada con la finalidad de formalizar tus compras y pagos, llevar a cabo los env\u00edos, emitir los recibos de compra, y comunicar posibles incidencias.<br>La base que habilita el tratamiento de los datos es la relaci\u00f3n jur\u00eddica entre Re-Dress y t\u00fa.<br>Datos recabados en el formulario de contacto para consultas: datos de contacto (usuario y correo electr\u00f3nico), datos referentes a la consulta en concreto.<br>Las finalidades con las que trataremos tus datos son la de tramitaci\u00f3n y gesti\u00f3n de las solicitudes, consultas o cualquier petici\u00f3n que realices a trav\u00e9s del formulario y la remisi\u00f3n de la misma, si fuera necesario, al departamento que pueda ayudarte.<br>La base de legitimaci\u00f3n del tratamiento de los datos ser\u00e1 el consentimiento. Podr\u00e1s manifestar la negativa al tratamiento de tus datos personales mediante las casillas de marcado que aparecen al calce de cada formulario de recogida de datos, que deber\u00e1 remitir debidamente requisitado a: info@redressmx.com<br>Datos recabados en relaci\u00f3n con el blog del Sitio: datos de contacto (nombre y direcci\u00f3n de correo electr\u00f3nico), p\u00e1gina web y comentario.<br>Trataremos tus datos personales con la finalidad de publicar el comentario que hayas enviado en el Blog del Sitio.<br>La base legal que legitima para el tratamiento de tus datos es tu consentimiento, que se recoge una vez has sido informado acerca de los detalles del tratamiento. Podr\u00e1s retirar el consentimiento en cualquier momento, poni\u00e9ndote en contacto con: info@redressmx.com<br>Datos de navegaci\u00f3n: los detalles de tus visitas al Sitio, los datos de tr\u00e1fico, datos de localizaci\u00f3n y datos de comunicaci\u00f3n. La finalidad del tratamiento de estos datos es secundaria, debido a que podr\u00e1n ser utilizados para: mejorar la accesibilidad, enriquecer y perfeccionar tu experiencia, conocer tus h\u00e1bitos de consumo, preferencias y gustos para ofrecerte productos que se adecuen a tus necesidades, personalizar los contenidos del Sitio, realizar estimaciones y almacenar tus preferencias.<br>Datos que nos proporcionas para que podamos gestionar tu candidatura: datos identificativos, de contacto, caracter\u00edsticas personales, datos acad\u00e9micos, y datos laborales. Las finalidades principales del tratamiento son las de: gestionar tu candidatura, evaluar tu perfil, y competencia e idoneidad para prestar los servicios necesarios para el puesto de trabajo en concreto. Asimismo, podremos tratar tus datos para la siguiente finalidad secundaria: formar parte de la base de datos de candidatos para futuras vacantes laborales.<br>La base legal para el tratamiento de tus datos es tu consentimiento, que se recoge una vez has sido informado acerca de los detalles del tratamiento.<br>1.2. Comunicaci\u00f3n y remisi\u00f3n de datos<br>Tus datos solamente ser\u00e1n comunicados a terceros en los casos siguientes:<br>Una vez que hayas dado tu consentimiento para la distribuci\u00f3n y\/o divulgaci\u00f3n de tus datos en el Sitio.<br>Entidades financieras y bancarias con relaci\u00f3n al pago de servicios.<br>Para la prestaci\u00f3n de servicios realizados por terceros para Re-Dress incluyendo la venta de productos, el procesamiento de pagos, el an\u00e1lisis de datos, elaboraci\u00f3n de campa\u00f1as de env\u00edo de correos, servicios de alojamiento, el tratamiento de ciertos aspectos de los servicios de comercializaci\u00f3n.<br>Si estamos en la obligaci\u00f3n de revelar o compartir tus datos personales con el fin de cumplir con la salvaguarda de un inter\u00e9s p\u00fablico, para la procuraci\u00f3n o administraci\u00f3n de justicia, o para el reconocimiento, ejercicio o defensa de un derecho en un proceso judicial de Re-Dress, nuestros clientes u otros. Esto incluye el intercambio de informaci\u00f3n con los jueces y tribunales.<br>Si Re-Dress o sustancialmente todos sus activos son adquiridos por un tercero, en cuyo caso los datos personales de sus clientes ser\u00e1 uno de los activos transferidos.<br><u>2. Seguridad y transferencia de datos:<\/u><br>2.1. Seguridad:<br>Re-Dress hace todo lo posible y utiliza todos los elementos t\u00e9cnicos a su disposici\u00f3n para proteger tus datos personales y por lo tanto limitar el riesgo de p\u00e9rdida, da\u00f1o o mal uso de ellos.<br>No obstante lo anterior, no podemos garantizar la seguridad de cualquier dato transmitido por internet. En consecuencia, cualquier transmisi\u00f3n se hace bajo riesgo del usuario.<br>2.2. Conservaci\u00f3n de datos:<br>Tus datos de car\u00e1cter personal se almacenan durante el tiempo estrictamente necesario de acuerdo con la finalidad con la que est\u00e9n siendo objeto de tratamiento y de conformidad con las normativas vigentes, o mientras que no solicites la supresi\u00f3n de los datos personales y\/o la revocaci\u00f3n de la autorizaci\u00f3n otorgada mediante la presentaci\u00f3n de un reclamo.<br>No obstante lo anterior, la solicitud de supresi\u00f3n de la informaci\u00f3n y la revocatoria de la autorizaci\u00f3n no proceder\u00e1n cuando tengas un deber legal o contractual de permanecer en nuestra base de datos.<br>M\u00e1s all\u00e1 de este per\u00edodo, los datos se conservar\u00e1n bloqueados durante el tiempo necesario para cumplir con las obligaciones legales y, en su caso, para fines hist\u00f3ricos, estad\u00edsticos o cient\u00edficos.<br>2.3. Transferencia Internacional de datos:<br>Transferiremos tus datos personales a las empresas que forman parte de Re-Dress, es decir, con fines administrativos internos. Seg\u00fan lo dispuesto en el art\u00edculo 37 de la Ley Federal de Protecci\u00f3n de Datos Personales en Posesi\u00f3n de los Particulares se estar\u00eda produciendo una transferencia internacional de datos. Esta transferencia podr\u00e1, de acuerdo con lo dispuesto en el referido art\u00edculo, llevarse a cabo sin su consentimiento, al efectuarse a compa\u00f1\u00edas del mismo grupo corporativo que operan bajo los mismos procesos y pol\u00edticas internas.<br><u>3. Anuncio de confidencialidad de terceros:<\/u><br>El Sitio puede contener enlaces a sitios web de terceros. Adem\u00e1s, parte del contenido del Sitio puede ser ofrecido por terceros. Asimismo, en relaci\u00f3n con ciertas caracter\u00edsticas del Sitio que requieren pago en l\u00ednea, puede que tengas que utilizar herramientas de seguridad para el pago ofrecidas por terceros.<br>Re-Dress no se hace responsable de las pr\u00e1cticas relativas a la recolecci\u00f3n, almacenamiento y tratamiento de datos personales de terceros y\/o el contenido de sus sitios web.<br>Re-Dress no es responsable por el contenido o pr\u00e1ctica de privacidad de sitios web propiedad de otras compa\u00f1\u00edas. Si tienes preguntas acerca del uso de tus datos realizado por terceros, debes referirte a sus pol\u00edticas de privacidad que s\u00f3lo son aplicables en esos casos.<br><u>4. Tus derechos en materia de protecci\u00f3n de datos:<\/u><br>Tienes derecho a obtener confirmaci\u00f3n sobre si estamos tratando o no datos personales que te conciernen y, en tal caso, acceder a estos datos (Acceso). Asimismo, es tu derecho solicitar la correcci\u00f3n de tu informaci\u00f3n personal en caso de que est\u00e9 desactualizada, sea inexacta, incorrecta, o incompleta (Rectificaci\u00f3n); que la eliminemos de nuestros registros o bases de datos cuando consideres que la misma no est\u00e1 siendo utilizada conforme a los principios, deberes y obligaciones previstas en la normativa (Cancelaci\u00f3n); as\u00ed como oponerte al uso de tus datos personales para fines espec\u00edficos (Oposici\u00f3n). Estos derechos se conocen como derechos ARCO. Para el ejercicio de cualquiera de estos derechos, debes dirigirte por escrito a trav\u00e9s de la siguiente direcci\u00f3n de correo electr\u00f3nico: info@redressmx.com<br>De la misma manera, puedes revocar el consentimiento que, en su caso, nos hayas otorgado para el tratamiento de tus datos personales.<br>Por otro lado, tienes derecho a limitar el uso de tus datos personales para el env\u00edo de comunicaciones comerciales (Limitaci\u00f3n del tratamiento), a trav\u00e9s de los mecanismos que se detallan a continuaci\u00f3n:<br>Cancelar tu suscripci\u00f3n a los boletines de noticias de Re-Dress, mediante las opciones que aparecen al calce de comunicados electr\u00f3nicos.<br>Asimismo, en aquellos supuestos en que pudiera resultar de aplicaci\u00f3n la normativa de protecci\u00f3n de datos europea, tienes derecho, adem\u00e1s, a que enviemos tus datos personales a otra organizaci\u00f3n siempre que as\u00ed lo solicites (Portabilidad de los datos) y limitar el tratamiento de tus datos. En estos casos, tus derechos ser\u00e1n atendidos conforme a lo establecido en la referida normativa.<br>Para mayor informaci\u00f3n respecto al procedimiento habilitado para el ejercicio de cualquiera de estos derechos, debes dirigirte por escrito a trav\u00e9s de la siguiente direcci\u00f3n de correo electr\u00f3nico siguiente: info@redressmx.com<br>Si consideras que tu derecho a la protecci\u00f3n de datos personales ha sido lesionado por alguna conducta u omisi\u00f3n de nuestra parte, o presumes alguna violaci\u00f3n a las disposiciones previstas en la normativa de protecci\u00f3n de datos, podr\u00e1s interponer tu inconformidad o denuncia ante el Instituto Nacional de Transparencia, Acceso a la Informaci\u00f3n y Protecci\u00f3n de Datos Personales (INAI). Para mayor informaci\u00f3n, te sugerimos visitar su p\u00e1gina oficial de Internet www.inai.org.mx.<\/p>\n<p><u>5. Cancelaci\u00f3n y Oposici\u00f3n de datos:<\/u><br>Si quieres ejercer tu derecho a cancelaci\u00f3n u oposici\u00f3n, debes debes dirigirte por escrito a trav\u00e9s de la siguiente direcci\u00f3n de correo electr\u00f3nico: info@redressmx.com informando de tu intenci\u00f3n de ejercer cualquiera de estos derechos.<br><u>6. Contacto:<\/u><br>Si tiene preguntas, comentarios o quejas sobre el manejo de tu informaci\u00f3n personal, ponte en contacto con nuestro Delegado de Protecci\u00f3n de Datos a trav\u00e9s de la siguiente direcci\u00f3n de correo electr\u00f3nico: info@redressmx.com<br><u>7. Cambios en el Aviso de Privacidad:<br><\/u>Re-Dress se reserva el derecho a realizar los cambios que considere oportunos en cualquier momento y sin previo aviso. Cualquier cambio en nuestra pol\u00edtica de protecci\u00f3n de datos se publicar\u00e1 en este sitio y se te notificar\u00e1 al correo electr\u00f3nico que hayas proporcionado.<br><b>\u00daltima actualizaci\u00f3n: Marzo del 2024.<\/b><\/p>\t\t\t\t\t\t\t\t<\/div>\n\t\t\t\t<\/div>\n\t\t\t\t\t<\/div>\n\t\t\t\t<\/div>\n\t\t\t\t<\/div>\n\t\t","protected":false},"excerpt":{"rendered":"<p>Aviso de privacidad FECHA DE \u00daLTIMA REVISI\u00d3N: marzo 2024 En cumplimiento a lo establecido en la Ley Federal de Protecci\u00f3n de Datos Personales en Posesi\u00f3n de los Particulares y su Reglamento, as\u00ed como por lo previsto en el art\u00edculo 76 BIS de la Ley Federal de Protecci\u00f3n al Consumidor y dem\u00e1s relativos y vigentes, te [&hellip;]<\/p>\n","protected":false},"author":1,"featured_media":0,"parent":0,"menu_order":0,"comment_status":"closed","ping_status":"closed","template":"","meta":{"footnotes":""},"class_list":["post-3","page","type-page","status-publish","hentry"],"yoast_head":"<!-- This site is optimized with the Yoast SEO plugin v26.8 - https:\/\/yoast.com\/product\/yoast-seo-wordpress\/ -->\n<title>Aviso de privacidad - Re Dress<\/title>\n<meta name=\"robots\" content=\"index, follow, max-snippet:-1, max-image-preview:large, max-video-preview:-1\" \/>\n<link rel=\"canonical\" href=\"https:\/\/redressmx.com\/index.php\/aviso-de-privacidad\/\" \/>\n<meta property=\"og:locale\" content=\"es_MX\" \/>\n<meta property=\"og:type\" content=\"article\" \/>\n<meta property=\"og:title\" content=\"Aviso de privacidad - Re Dress\" \/>\n<meta property=\"og:description\" content=\"Aviso de privacidad FECHA DE \u00daLTIMA REVISI\u00d3N: marzo 2024 En cumplimiento a lo establecido en la Ley Federal de Protecci\u00f3n de Datos Personales en Posesi\u00f3n de los Particulares y su Reglamento, as\u00ed como por lo previsto en el art\u00edculo 76 BIS de la Ley Federal de Protecci\u00f3n al Consumidor y dem\u00e1s relativos y vigentes, te [&hellip;]\" \/>\n<meta property=\"og:url\" content=\"https:\/\/redressmx.com\/index.php\/aviso-de-privacidad\/\" \/>\n<meta property=\"og:site_name\" content=\"Re Dress\" \/>\n<meta property=\"article:modified_time\" content=\"2024-04-08T19:04:41+00:00\" \/>\n<meta name=\"twitter:card\" content=\"summary_large_image\" \/>\n<meta name=\"twitter:label1\" content=\"Tiempo de lectura\" \/>\n\t<meta name=\"twitter:data1\" content=\"10 minutos\" \/>\n<script type=\"application\/ld+json\" class=\"yoast-schema-graph\">{\"@context\":\"https:\/\/schema.org\",\"@graph\":[{\"@type\":\"WebPage\",\"@id\":\"https:\/\/redressmx.com\/index.php\/aviso-de-privacidad\/\",\"url\":\"https:\/\/redressmx.com\/index.php\/aviso-de-privacidad\/\",\"name\":\"Aviso de privacidad - Re Dress\",\"isPartOf\":{\"@id\":\"https:\/\/redressmx.com\/#website\"},\"datePublished\":\"2024-02-16T18:37:23+00:00\",\"dateModified\":\"2024-04-08T19:04:41+00:00\",\"breadcrumb\":{\"@id\":\"https:\/\/redressmx.com\/index.php\/aviso-de-privacidad\/#breadcrumb\"},\"inLanguage\":\"es\",\"potentialAction\":[{\"@type\":\"ReadAction\",\"target\":[\"https:\/\/redressmx.com\/index.php\/aviso-de-privacidad\/\"]}]},{\"@type\":\"BreadcrumbList\",\"@id\":\"https:\/\/redressmx.com\/index.php\/aviso-de-privacidad\/#breadcrumb\",\"itemListElement\":[{\"@type\":\"ListItem\",\"position\":1,\"name\":\"Inicio\",\"item\":\"https:\/\/redressmx.com\/\"},{\"@type\":\"ListItem\",\"position\":2,\"name\":\"Aviso de privacidad\"}]},{\"@type\":\"WebSite\",\"@id\":\"https:\/\/redressmx.com\/#website\",\"url\":\"https:\/\/redressmx.com\/\",\"name\":\"Re Dress\",\"description\":\"Somos el marketplace de vestidos pre-loved m\u00e1s exclusivo de M\u00e9xico.\",\"publisher\":{\"@id\":\"https:\/\/redressmx.com\/#organization\"},\"potentialAction\":[{\"@type\":\"SearchAction\",\"target\":{\"@type\":\"EntryPoint\",\"urlTemplate\":\"https:\/\/redressmx.com\/?s={search_term_string}\"},\"query-input\":{\"@type\":\"PropertyValueSpecification\",\"valueRequired\":true,\"valueName\":\"search_term_string\"}}],\"inLanguage\":\"es\"},{\"@type\":\"Organization\",\"@id\":\"https:\/\/redressmx.com\/#organization\",\"name\":\"Re Dress\",\"url\":\"https:\/\/redressmx.com\/\",\"logo\":{\"@type\":\"ImageObject\",\"inLanguage\":\"es\",\"@id\":\"https:\/\/redressmx.com\/#\/schema\/logo\/image\/\",\"url\":\"https:\/\/redressmx.com\/wp-content\/uploads\/2024\/02\/Grupo-144-2.png\",\"contentUrl\":\"https:\/\/redressmx.com\/wp-content\/uploads\/2024\/02\/Grupo-144-2.png\",\"width\":345,\"height\":58,\"caption\":\"Re Dress\"},\"image\":{\"@id\":\"https:\/\/redressmx.com\/#\/schema\/logo\/image\/\"}}]}<\/script>\n<!-- \/ Yoast SEO plugin. -->","yoast_head_json":{"title":"Aviso de privacidad - Re Dress","robots":{"index":"index","follow":"follow","max-snippet":"max-snippet:-1","max-image-preview":"max-image-preview:large","max-video-preview":"max-video-preview:-1"},"canonical":"https:\/\/redressmx.com\/index.php\/aviso-de-privacidad\/","og_locale":"es_MX","og_type":"article","og_title":"Aviso de privacidad - Re Dress","og_description":"Aviso de privacidad FECHA DE \u00daLTIMA REVISI\u00d3N: marzo 2024 En cumplimiento a lo establecido en la Ley Federal de Protecci\u00f3n de Datos Personales en Posesi\u00f3n de los Particulares y su Reglamento, as\u00ed como por lo previsto en el art\u00edculo 76 BIS de la Ley Federal de Protecci\u00f3n al Consumidor y dem\u00e1s relativos y vigentes, te [&hellip;]","og_url":"https:\/\/redressmx.com\/index.php\/aviso-de-privacidad\/","og_site_name":"Re Dress","article_modified_time":"2024-04-08T19:04:41+00:00","twitter_card":"summary_large_image","twitter_misc":{"Tiempo de lectura":"10 minutos"},"schema":{"@context":"https:\/\/schema.org","@graph":[{"@type":"WebPage","@id":"https:\/\/redressmx.com\/index.php\/aviso-de-privacidad\/","url":"https:\/\/redressmx.com\/index.php\/aviso-de-privacidad\/","name":"Aviso de privacidad - Re Dress","isPartOf":{"@id":"https:\/\/redressmx.com\/#website"},"datePublished":"2024-02-16T18:37:23+00:00","dateModified":"2024-04-08T19:04:41+00:00","breadcrumb":{"@id":"https:\/\/redressmx.com\/index.php\/aviso-de-privacidad\/#breadcrumb"},"inLanguage":"es","potentialAction":[{"@type":"ReadAction","target":["https:\/\/redressmx.com\/index.php\/aviso-de-privacidad\/"]}]},{"@type":"BreadcrumbList","@id":"https:\/\/redressmx.com\/index.php\/aviso-de-privacidad\/#breadcrumb","itemListElement":[{"@type":"ListItem","position":1,"name":"Inicio","item":"https:\/\/redressmx.com\/"},{"@type":"ListItem","position":2,"name":"Aviso de privacidad"}]},{"@type":"WebSite","@id":"https:\/\/redressmx.com\/#website","url":"https:\/\/redressmx.com\/","name":"Re Dress","description":"Somos el marketplace de vestidos pre-loved m\u00e1s exclusivo de M\u00e9xico.","publisher":{"@id":"https:\/\/redressmx.com\/#organization"},"potentialAction":[{"@type":"SearchAction","target":{"@type":"EntryPoint","urlTemplate":"https:\/\/redressmx.com\/?s={search_term_string}"},"query-input":{"@type":"PropertyValueSpecification","valueRequired":true,"valueName":"search_term_string"}}],"inLanguage":"es"},{"@type":"Organization","@id":"https:\/\/redressmx.com\/#organization","name":"Re Dress","url":"https:\/\/redressmx.com\/","logo":{"@type":"ImageObject","inLanguage":"es","@id":"https:\/\/redressmx.com\/#\/schema\/logo\/image\/","url":"https:\/\/redressmx.com\/wp-content\/uploads\/2024\/02\/Grupo-144-2.png","contentUrl":"https:\/\/redressmx.com\/wp-content\/uploads\/2024\/02\/Grupo-144-2.png","width":345,"height":58,"caption":"Re Dress"},"image":{"@id":"https:\/\/redressmx.com\/#\/schema\/logo\/image\/"}}]}},"_links":{"self":[{"href":"https:\/\/redressmx.com\/index.php\/wp-json\/wp\/v2\/pages\/3","targetHints":{"allow":["GET"]}}],"collection":[{"href":"https:\/\/redressmx.com\/index.php\/wp-json\/wp\/v2\/pages"}],"about":[{"href":"https:\/\/redressmx.com\/index.php\/wp-json\/wp\/v2\/types\/page"}],"author":[{"embeddable":true,"href":"https:\/\/redressmx.com\/index.php\/wp-json\/wp\/v2\/users\/1"}],"replies":[{"embeddable":true,"href":"https:\/\/redressmx.com\/index.php\/wp-json\/wp\/v2\/comments?post=3"}],"version-history":[{"count":22,"href":"https:\/\/redressmx.com\/index.php\/wp-json\/wp\/v2\/pages\/3\/revisions"}],"predecessor-version":[{"id":3264,"href":"https:\/\/redressmx.com\/index.php\/wp-json\/wp\/v2\/pages\/3\/revisions\/3264"}],"wp:attachment":[{"href":"https:\/\/redressmx.com\/index.php\/wp-json\/wp\/v2\/media?parent=3"}],"curies":[{"name":"wp","href":"https:\/\/api.w.org\/{rel}","templated":true}]}}