{"id":10262,"date":"2026-03-03T09:52:16","date_gmt":"2026-03-03T15:52:16","guid":{"rendered":"https:\/\/redressmx.com\/?post_type=product&#038;p=10262"},"modified":"2026-03-17T09:19:27","modified_gmt":"2026-03-17T15:19:27","slug":"bridenformal-23","status":"publish","type":"product","link":"https:\/\/redressmx.com\/index.php\/product\/bridenformal-23\/","title":{"rendered":"Bridenformal"},"content":{"rendered":"<section id=\"comp-lkps50pc\" class=\"xuzjBY comp-lkps50pc-container comp-lkps50pc wixui-section undefined\" tabindex=\"-1\" data-block-level-container=\"Section\" data-testid=\"section-container\">\n<div id=\"comp-lkps559k\" class=\"comp-lkps559k comp-lkps559k-container\">\n<div id=\"comp-lkps559k_r_comp-kottondk\" class=\"comp-lkps559k_r_comp-kottondk-container\">\n<div id=\"comp-lkps559k_r_comp-kottondp\" class=\"rM7ckN YJEKQk comp-lkps559k_r_comp-kottondp-container comp-lkps559k_r_comp-kottondp wixui-box\">\n<div id=\"comp-lkps559k_r_comp-lgvxewql\" class=\"rM7ckN YJEKQk comp-lkps559k_r_comp-lgvxewql-container comp-lkps559k_r_comp-lgvxewql wixui-box\">\n<div id=\"comp-lkps559k_r_comp-l2itfe7i\" class=\"comp-lkps559k_r_comp-l2itfe7i comp-lkps559k_r_comp-l2itfe7i-container\">\n<div id=\"comp-lkps559k_r_comp-l2itfe7i_r_comp-kquuuy72\" class=\"comp-lkps559k_r_comp-l2itfe7i_r_comp-kquuuy72-container\">\n<div id=\"comp-lkps559k_r_comp-l2itfe7i_r_comp-kquuuy732\" class=\"rM7ckN YJEKQk comp-lkps559k_r_comp-l2itfe7i_r_comp-kquuuy732-container comp-lkps559k_r_comp-l2itfe7i_r_comp-kquuuy732 wixui-box\">\n<div id=\"comp-lkps559k_r_comp-l2itfe7i_r_comp-kquuuy79\" class=\"Mdue19 comp-lkps559k_r_comp-l2itfe7i_r_comp-kquuuy79 wixui-repeater\">\n<div class=\"comp-lkps559k_r_comp-l2itfe7i_r_comp-kquuuy79-container\" role=\"list\" data-testid=\"responsive-container-content\">\n<div id=\"comp-lkps559k_r_comp-l2itfe7i_r_comp-kquuuy80__0615e5f4-217d-3192-ce6d-238529e8f81b\" class=\"rM7ckN YJEKQk comp-lkps559k_r_comp-l2itfe7i_r_comp-kquuuy80-container comp-lkps559k_r_comp-l2itfe7i_r_comp-kquuuy80 wixui-repeater__item\" role=\"listitem\">\n<div id=\"comp-lkps559k_r_comp-l2itfe7i_r_comp-kwezj0j5__0615e5f4-217d-3192-ce6d-238529e8f81b\" class=\"HcOXKn SxM0TO QxJLC3 comp-lkps559k_r_comp-l2itfe7i_r_comp-kwezj0j5 wixui-rich-text\" data-testid=\"richTextElement\">\n<div class=\"font_8 wixui-rich-text__text\">\n<p>Es un vestido de novia realmente espectacular con un aire rom\u00e1ntico y sofisticado, corte sirena lo que hace que resalte tu figura, en la parte superior utiliza una malla transparente sobre la cual se bordan aplicaciones de encaje, dando la impresi\u00f3n de que las flores nacen directamente sobre la piel. En la parte de la falda el tul tiene un sutil patr\u00f3n de peque\u00f1os brillos que le aportan dimensi\u00f3n bajo la luz, lo que lo hace ver sensual y moderno.<\/p>\n<\/div>\n<\/div>\n<\/div>\n<\/div>\n<\/div>\n<\/div>\n<\/div>\n<\/div>\n<\/div>\n<\/div>\n<\/div>\n<\/div>\n<\/section>\n<p>Descuento: 40%<\/p>\n","protected":false},"excerpt":{"rendered":"<p>Talla: 6 \u00a0 \u00a0 \u00a0 \u00a0 \u00a0 \u00a0 \u00a0 \u00a0Desc: 40%<\/p>\n","protected":false},"featured_media":10263,"comment_status":"open","ping_status":"closed","template":"","meta":[],"product_brand":[],"product_cat":[2205,29,133,139,232,30,186],"product_tag":[1830,1831,1833,132,397,228,1890],"class_list":{"0":"post-10262","1":"product","2":"type-product","3":"status-publish","4":"has-post-thumbnail","6":"product_cat-la-ricca-esposa","7":"product_cat-general","8":"product_cat-133","9":"product_cat-blanco","10":"product_cat-briden-formal","11":"product_cat-vestidos-novia","12":"product_cat-showroom","13":"product_tag-lace-and-lemons","14":"product_tag-lace-and-lemons-preloved","15":"product_tag-lace-and-lemons-segundo-uso","16":"product_tag-vestido-de-novia","17":"product_tag-vestido-de-novia-en-descuento","18":"product_tag-vestido-de-novia-preloved","19":"product_tag-vestido-de-novia-un-uso","21":"first","22":"instock","23":"sale","24":"shipping-taxable","25":"purchasable","26":"product-type-simple"},"yoast_head":"<!-- This site is optimized with the Yoast SEO plugin v26.8 - https:\/\/yoast.com\/product\/yoast-seo-wordpress\/ -->\n<title>Bridenformal - Re Dress<\/title>\n<meta name=\"robots\" content=\"index, follow, max-snippet:-1, max-image-preview:large, max-video-preview:-1\" \/>\n<link rel=\"canonical\" href=\"https:\/\/redressmx.com\/index.php\/product\/bridenformal-23\/\" \/>\n<meta property=\"og:locale\" content=\"es_MX\" \/>\n<meta property=\"og:type\" content=\"article\" \/>\n<meta property=\"og:title\" content=\"Bridenformal - Re Dress\" \/>\n<meta property=\"og:description\" content=\"Talla: 6 \u00a0 \u00a0 \u00a0 \u00a0 \u00a0 \u00a0 \u00a0 \u00a0Desc: 40%\" \/>\n<meta property=\"og:url\" content=\"https:\/\/redressmx.com\/index.php\/product\/bridenformal-23\/\" \/>\n<meta property=\"og:site_name\" content=\"Re Dress\" \/>\n<meta property=\"article:modified_time\" content=\"2026-03-17T15:19:27+00:00\" \/>\n<meta property=\"og:image\" content=\"https:\/\/redressmx.com\/wp-content\/uploads\/2026\/03\/1.png\" \/>\n\t<meta property=\"og:image:width\" content=\"1200\" \/>\n\t<meta property=\"og:image:height\" content=\"1600\" \/>\n\t<meta property=\"og:image:type\" content=\"image\/png\" \/>\n<meta name=\"twitter:card\" content=\"summary_large_image\" \/>\n<meta name=\"twitter:label1\" content=\"Tiempo de lectura\" \/>\n\t<meta name=\"twitter:data1\" content=\"1 minuto\" \/>\n<script type=\"application\/ld+json\" class=\"yoast-schema-graph\">{\"@context\":\"https:\/\/schema.org\",\"@graph\":[{\"@type\":\"WebPage\",\"@id\":\"https:\/\/redressmx.com\/index.php\/product\/bridenformal-23\/\",\"url\":\"https:\/\/redressmx.com\/index.php\/product\/bridenformal-23\/\",\"name\":\"Bridenformal - Re Dress\",\"isPartOf\":{\"@id\":\"https:\/\/redressmx.com\/#website\"},\"primaryImageOfPage\":{\"@id\":\"https:\/\/redressmx.com\/index.php\/product\/bridenformal-23\/#primaryimage\"},\"image\":{\"@id\":\"https:\/\/redressmx.com\/index.php\/product\/bridenformal-23\/#primaryimage\"},\"thumbnailUrl\":\"https:\/\/redressmx.com\/wp-content\/uploads\/2026\/03\/1.png\",\"datePublished\":\"2026-03-03T15:52:16+00:00\",\"dateModified\":\"2026-03-17T15:19:27+00:00\",\"breadcrumb\":{\"@id\":\"https:\/\/redressmx.com\/index.php\/product\/bridenformal-23\/#breadcrumb\"},\"inLanguage\":\"es\",\"potentialAction\":[{\"@type\":\"ReadAction\",\"target\":[\"https:\/\/redressmx.com\/index.php\/product\/bridenformal-23\/\"]}]},{\"@type\":\"ImageObject\",\"inLanguage\":\"es\",\"@id\":\"https:\/\/redressmx.com\/index.php\/product\/bridenformal-23\/#primaryimage\",\"url\":\"https:\/\/redressmx.com\/wp-content\/uploads\/2026\/03\/1.png\",\"contentUrl\":\"https:\/\/redressmx.com\/wp-content\/uploads\/2026\/03\/1.png\",\"width\":1200,\"height\":1600},{\"@type\":\"BreadcrumbList\",\"@id\":\"https:\/\/redressmx.com\/index.php\/product\/bridenformal-23\/#breadcrumb\",\"itemListElement\":[{\"@type\":\"ListItem\",\"position\":1,\"name\":\"Inicio\",\"item\":\"https:\/\/redressmx.com\/\"},{\"@type\":\"ListItem\",\"position\":2,\"name\":\"Shop\",\"item\":\"https:\/\/redressmx.com\/index.php\/shop\/\"},{\"@type\":\"ListItem\",\"position\":3,\"name\":\"Bridenformal\"}]},{\"@type\":\"WebSite\",\"@id\":\"https:\/\/redressmx.com\/#website\",\"url\":\"https:\/\/redressmx.com\/\",\"name\":\"Re Dress\",\"description\":\"Somos el marketplace de vestidos pre-loved m\u00e1s exclusivo de M\u00e9xico.\",\"publisher\":{\"@id\":\"https:\/\/redressmx.com\/#organization\"},\"potentialAction\":[{\"@type\":\"SearchAction\",\"target\":{\"@type\":\"EntryPoint\",\"urlTemplate\":\"https:\/\/redressmx.com\/?s={search_term_string}\"},\"query-input\":{\"@type\":\"PropertyValueSpecification\",\"valueRequired\":true,\"valueName\":\"search_term_string\"}}],\"inLanguage\":\"es\"},{\"@type\":\"Organization\",\"@id\":\"https:\/\/redressmx.com\/#organization\",\"name\":\"Re Dress\",\"url\":\"https:\/\/redressmx.com\/\",\"logo\":{\"@type\":\"ImageObject\",\"inLanguage\":\"es\",\"@id\":\"https:\/\/redressmx.com\/#\/schema\/logo\/image\/\",\"url\":\"https:\/\/redressmx.com\/wp-content\/uploads\/2024\/02\/Grupo-144-2.png\",\"contentUrl\":\"https:\/\/redressmx.com\/wp-content\/uploads\/2024\/02\/Grupo-144-2.png\",\"width\":345,\"height\":58,\"caption\":\"Re Dress\"},\"image\":{\"@id\":\"https:\/\/redressmx.com\/#\/schema\/logo\/image\/\"}}]}<\/script>\n<!-- \/ Yoast SEO plugin. -->","yoast_head_json":{"title":"Bridenformal - Re Dress","robots":{"index":"index","follow":"follow","max-snippet":"max-snippet:-1","max-image-preview":"max-image-preview:large","max-video-preview":"max-video-preview:-1"},"canonical":"https:\/\/redressmx.com\/index.php\/product\/bridenformal-23\/","og_locale":"es_MX","og_type":"article","og_title":"Bridenformal - Re Dress","og_description":"Talla: 6 \u00a0 \u00a0 \u00a0 \u00a0 \u00a0 \u00a0 \u00a0 \u00a0Desc: 40%","og_url":"https:\/\/redressmx.com\/index.php\/product\/bridenformal-23\/","og_site_name":"Re Dress","article_modified_time":"2026-03-17T15:19:27+00:00","og_image":[{"width":1200,"height":1600,"url":"https:\/\/redressmx.com\/wp-content\/uploads\/2026\/03\/1.png","type":"image\/png"}],"twitter_card":"summary_large_image","twitter_misc":{"Tiempo de lectura":"1 minuto"},"schema":{"@context":"https:\/\/schema.org","@graph":[{"@type":"WebPage","@id":"https:\/\/redressmx.com\/index.php\/product\/bridenformal-23\/","url":"https:\/\/redressmx.com\/index.php\/product\/bridenformal-23\/","name":"Bridenformal - Re Dress","isPartOf":{"@id":"https:\/\/redressmx.com\/#website"},"primaryImageOfPage":{"@id":"https:\/\/redressmx.com\/index.php\/product\/bridenformal-23\/#primaryimage"},"image":{"@id":"https:\/\/redressmx.com\/index.php\/product\/bridenformal-23\/#primaryimage"},"thumbnailUrl":"https:\/\/redressmx.com\/wp-content\/uploads\/2026\/03\/1.png","datePublished":"2026-03-03T15:52:16+00:00","dateModified":"2026-03-17T15:19:27+00:00","breadcrumb":{"@id":"https:\/\/redressmx.com\/index.php\/product\/bridenformal-23\/#breadcrumb"},"inLanguage":"es","potentialAction":[{"@type":"ReadAction","target":["https:\/\/redressmx.com\/index.php\/product\/bridenformal-23\/"]}]},{"@type":"ImageObject","inLanguage":"es","@id":"https:\/\/redressmx.com\/index.php\/product\/bridenformal-23\/#primaryimage","url":"https:\/\/redressmx.com\/wp-content\/uploads\/2026\/03\/1.png","contentUrl":"https:\/\/redressmx.com\/wp-content\/uploads\/2026\/03\/1.png","width":1200,"height":1600},{"@type":"BreadcrumbList","@id":"https:\/\/redressmx.com\/index.php\/product\/bridenformal-23\/#breadcrumb","itemListElement":[{"@type":"ListItem","position":1,"name":"Inicio","item":"https:\/\/redressmx.com\/"},{"@type":"ListItem","position":2,"name":"Shop","item":"https:\/\/redressmx.com\/index.php\/shop\/"},{"@type":"ListItem","position":3,"name":"Bridenformal"}]},{"@type":"WebSite","@id":"https:\/\/redressmx.com\/#website","url":"https:\/\/redressmx.com\/","name":"Re Dress","description":"Somos el marketplace de vestidos pre-loved m\u00e1s exclusivo de M\u00e9xico.","publisher":{"@id":"https:\/\/redressmx.com\/#organization"},"potentialAction":[{"@type":"SearchAction","target":{"@type":"EntryPoint","urlTemplate":"https:\/\/redressmx.com\/?s={search_term_string}"},"query-input":{"@type":"PropertyValueSpecification","valueRequired":true,"valueName":"search_term_string"}}],"inLanguage":"es"},{"@type":"Organization","@id":"https:\/\/redressmx.com\/#organization","name":"Re Dress","url":"https:\/\/redressmx.com\/","logo":{"@type":"ImageObject","inLanguage":"es","@id":"https:\/\/redressmx.com\/#\/schema\/logo\/image\/","url":"https:\/\/redressmx.com\/wp-content\/uploads\/2024\/02\/Grupo-144-2.png","contentUrl":"https:\/\/redressmx.com\/wp-content\/uploads\/2024\/02\/Grupo-144-2.png","width":345,"height":58,"caption":"Re Dress"},"image":{"@id":"https:\/\/redressmx.com\/#\/schema\/logo\/image\/"}}]}},"_links":{"self":[{"href":"https:\/\/redressmx.com\/index.php\/wp-json\/wp\/v2\/product\/10262","targetHints":{"allow":["GET"]}}],"collection":[{"href":"https:\/\/redressmx.com\/index.php\/wp-json\/wp\/v2\/product"}],"about":[{"href":"https:\/\/redressmx.com\/index.php\/wp-json\/wp\/v2\/types\/product"}],"replies":[{"embeddable":true,"href":"https:\/\/redressmx.com\/index.php\/wp-json\/wp\/v2\/comments?post=10262"}],"wp:featuredmedia":[{"embeddable":true,"href":"https:\/\/redressmx.com\/index.php\/wp-json\/wp\/v2\/media\/10263"}],"wp:attachment":[{"href":"https:\/\/redressmx.com\/index.php\/wp-json\/wp\/v2\/media?parent=10262"}],"wp:term":[{"taxonomy":"product_brand","embeddable":true,"href":"https:\/\/redressmx.com\/index.php\/wp-json\/wp\/v2\/product_brand?post=10262"},{"taxonomy":"product_cat","embeddable":true,"href":"https:\/\/redressmx.com\/index.php\/wp-json\/wp\/v2\/product_cat?post=10262"},{"taxonomy":"product_tag","embeddable":true,"href":"https:\/\/redressmx.com\/index.php\/wp-json\/wp\/v2\/product_tag?post=10262"}],"curies":[{"name":"wp","href":"https:\/\/api.w.org\/{rel}","templated":true}]}}