{"id":3445,"date":"2024-04-13T16:14:28","date_gmt":"2024-04-13T16:14:28","guid":{"rendered":"https:\/\/oportunidadesdigitales.online\/redress\/?post_type=product&#038;p=3445"},"modified":"2025-01-19T11:50:50","modified_gmt":"2025-01-19T17:50:50","slug":"rue-de-siene-2","status":"publish","type":"product","link":"https:\/\/redressmx.com\/index.php\/product\/rue-de-siene-2\/","title":{"rendered":"Rue de Siene"},"content":{"rendered":"<div id=\"comp-lkps559k_r_comp-l2itfe7i\" class=\"comp-lkps559k_r_comp-l2itfe7i comp-lkps559k_r_comp-l2itfe7i-container\">\n<div id=\"comp-lkps559k_r_comp-l2itfe7i_r_comp-kquuuy72\" class=\"comp-lkps559k_r_comp-l2itfe7i_r_comp-kquuuy72-container\">\n<div id=\"comp-lkps559k_r_comp-l2itfe7i_r_comp-kquuuy732\" class=\"rM7ckN YJEKQk comp-lkps559k_r_comp-l2itfe7i_r_comp-kquuuy732-container comp-lkps559k_r_comp-l2itfe7i_r_comp-kquuuy732 wixui-box\">\n<div id=\"comp-lkps559k_r_comp-l2itfe7i_r_comp-kquuuy79\" class=\"Mdue19 comp-lkps559k_r_comp-l2itfe7i_r_comp-kquuuy79 wixui-repeater\">\n<div class=\"comp-lkps559k_r_comp-l2itfe7i_r_comp-kquuuy79-container\" role=\"list\" data-testid=\"responsive-container-content\">\n<div id=\"comp-lkps559k_r_comp-l2itfe7i_r_comp-kquuuy80__0615e5f4-217d-3192-ce6d-238529e8f81b\" class=\"rM7ckN YJEKQk comp-lkps559k_r_comp-l2itfe7i_r_comp-kquuuy80-container comp-lkps559k_r_comp-l2itfe7i_r_comp-kquuuy80 wixui-repeater__item\" role=\"listitem\">\n<div id=\"comp-lkps559k_r_comp-l2itfe7i_r_comp-kwezj0j5__0615e5f4-217d-3192-ce6d-238529e8f81b\" class=\"HcOXKn SxM0TO QxJLC3 comp-lkps559k_r_comp-l2itfe7i_r_comp-kwezj0j5 wixui-rich-text\" data-testid=\"richTextElement\">\n<div class=\"font_8 wixui-rich-text__text\">\n<p>Encaje franc\u00e9s junto con un encaje de guipur m\u00e1s pesado para crear una est\u00e9tica elegante pero juvenil. El vestido Ash tiene un bustier estructurado que se ajusta a la forma con un espectacular canes\u00fa en la cadera. La plenitud salta desde este punto bajo de la cadera hacia una falda y un tren con capas de malla y encaje.<\/p>\n<\/div>\n<\/div>\n<div><\/div>\n<\/div>\n<\/div>\n<\/div>\n<\/div>\n<\/div>\n<\/div>\n<p>Descuento: 42%<\/p>\n","protected":false},"excerpt":{"rendered":"<p>Talla: 2\u00a0 \u00a0 \u00a0 \u00a0 \u00a0 \u00a0 \u00a0 \u00a0Desc: 42%<\/p>\n","protected":false},"featured_media":3909,"comment_status":"open","ping_status":"closed","template":"","meta":[],"product_brand":[],"product_cat":[1476,29,136,139,30,100,186],"product_tag":[298,105,101,45,228,43,175,106,297,296],"class_list":{"0":"post-3445","1":"product","2":"type-product","3":"status-publish","4":"has-post-thumbnail","6":"product_cat-buen-fin","7":"product_cat-general","8":"product_cat-136","9":"product_cat-blanco","10":"product_cat-vestidos-novia","11":"product_cat-rue-de-siene","12":"product_cat-showroom","13":"product_tag-encaje-frances","14":"product_tag-preowned-dresses","15":"product_tag-rue-de-siene","16":"product_tag-vestido-barato","17":"product_tag-vestido-de-novia-preloved","18":"product_tag-vestido-segunda-mano","19":"product_tag-vestidos-en-descuento","20":"product_tag-vestidos-preloved","21":"product_tag-wedding-dress","22":"product_tag-wedding-preloved","24":"first","25":"instock","26":"sale","27":"shipping-taxable","28":"purchasable","29":"product-type-simple"},"yoast_head":"<!-- This site is optimized with the Yoast SEO plugin v26.8 - https:\/\/yoast.com\/product\/yoast-seo-wordpress\/ -->\n<title>Rue de Siene - Re Dress<\/title>\n<meta name=\"robots\" content=\"index, follow, max-snippet:-1, max-image-preview:large, max-video-preview:-1\" \/>\n<link rel=\"canonical\" href=\"https:\/\/redressmx.com\/index.php\/product\/rue-de-siene-2\/\" \/>\n<meta property=\"og:locale\" content=\"es_MX\" \/>\n<meta property=\"og:type\" content=\"article\" \/>\n<meta property=\"og:title\" content=\"Rue de Siene - Re Dress\" \/>\n<meta property=\"og:description\" content=\"Talla: 2\u00a0 \u00a0 \u00a0 \u00a0 \u00a0 \u00a0 \u00a0 \u00a0Desc: 42%\" \/>\n<meta property=\"og:url\" content=\"https:\/\/redressmx.com\/index.php\/product\/rue-de-siene-2\/\" \/>\n<meta property=\"og:site_name\" content=\"Re Dress\" \/>\n<meta property=\"article:modified_time\" content=\"2025-01-19T17:50:50+00:00\" \/>\n<meta property=\"og:image\" content=\"https:\/\/redressmx.com\/wp-content\/uploads\/2024\/04\/241.webp\" \/>\n\t<meta property=\"og:image:width\" content=\"1200\" \/>\n\t<meta property=\"og:image:height\" content=\"1600\" \/>\n\t<meta property=\"og:image:type\" content=\"image\/webp\" \/>\n<meta name=\"twitter:card\" content=\"summary_large_image\" \/>\n<meta name=\"twitter:label1\" content=\"Tiempo de lectura\" \/>\n\t<meta name=\"twitter:data1\" content=\"1 minuto\" \/>\n<script type=\"application\/ld+json\" class=\"yoast-schema-graph\">{\"@context\":\"https:\/\/schema.org\",\"@graph\":[{\"@type\":\"WebPage\",\"@id\":\"https:\/\/redressmx.com\/index.php\/product\/rue-de-siene-2\/\",\"url\":\"https:\/\/redressmx.com\/index.php\/product\/rue-de-siene-2\/\",\"name\":\"Rue de Siene - Re Dress\",\"isPartOf\":{\"@id\":\"https:\/\/redressmx.com\/#website\"},\"primaryImageOfPage\":{\"@id\":\"https:\/\/redressmx.com\/index.php\/product\/rue-de-siene-2\/#primaryimage\"},\"image\":{\"@id\":\"https:\/\/redressmx.com\/index.php\/product\/rue-de-siene-2\/#primaryimage\"},\"thumbnailUrl\":\"https:\/\/redressmx.com\/wp-content\/uploads\/2024\/04\/241.webp\",\"datePublished\":\"2024-04-13T16:14:28+00:00\",\"dateModified\":\"2025-01-19T17:50:50+00:00\",\"breadcrumb\":{\"@id\":\"https:\/\/redressmx.com\/index.php\/product\/rue-de-siene-2\/#breadcrumb\"},\"inLanguage\":\"es\",\"potentialAction\":[{\"@type\":\"ReadAction\",\"target\":[\"https:\/\/redressmx.com\/index.php\/product\/rue-de-siene-2\/\"]}]},{\"@type\":\"ImageObject\",\"inLanguage\":\"es\",\"@id\":\"https:\/\/redressmx.com\/index.php\/product\/rue-de-siene-2\/#primaryimage\",\"url\":\"https:\/\/redressmx.com\/wp-content\/uploads\/2024\/04\/241.webp\",\"contentUrl\":\"https:\/\/redressmx.com\/wp-content\/uploads\/2024\/04\/241.webp\",\"width\":1200,\"height\":1600},{\"@type\":\"BreadcrumbList\",\"@id\":\"https:\/\/redressmx.com\/index.php\/product\/rue-de-siene-2\/#breadcrumb\",\"itemListElement\":[{\"@type\":\"ListItem\",\"position\":1,\"name\":\"Inicio\",\"item\":\"https:\/\/redressmx.com\/\"},{\"@type\":\"ListItem\",\"position\":2,\"name\":\"Shop\",\"item\":\"https:\/\/redressmx.com\/index.php\/shop\/\"},{\"@type\":\"ListItem\",\"position\":3,\"name\":\"Rue de Siene\"}]},{\"@type\":\"WebSite\",\"@id\":\"https:\/\/redressmx.com\/#website\",\"url\":\"https:\/\/redressmx.com\/\",\"name\":\"Re Dress\",\"description\":\"Somos el marketplace de vestidos pre-loved m\u00e1s exclusivo de M\u00e9xico.\",\"publisher\":{\"@id\":\"https:\/\/redressmx.com\/#organization\"},\"potentialAction\":[{\"@type\":\"SearchAction\",\"target\":{\"@type\":\"EntryPoint\",\"urlTemplate\":\"https:\/\/redressmx.com\/?s={search_term_string}\"},\"query-input\":{\"@type\":\"PropertyValueSpecification\",\"valueRequired\":true,\"valueName\":\"search_term_string\"}}],\"inLanguage\":\"es\"},{\"@type\":\"Organization\",\"@id\":\"https:\/\/redressmx.com\/#organization\",\"name\":\"Re Dress\",\"url\":\"https:\/\/redressmx.com\/\",\"logo\":{\"@type\":\"ImageObject\",\"inLanguage\":\"es\",\"@id\":\"https:\/\/redressmx.com\/#\/schema\/logo\/image\/\",\"url\":\"https:\/\/redressmx.com\/wp-content\/uploads\/2024\/02\/Grupo-144-2.png\",\"contentUrl\":\"https:\/\/redressmx.com\/wp-content\/uploads\/2024\/02\/Grupo-144-2.png\",\"width\":345,\"height\":58,\"caption\":\"Re Dress\"},\"image\":{\"@id\":\"https:\/\/redressmx.com\/#\/schema\/logo\/image\/\"}}]}<\/script>\n<!-- \/ Yoast SEO plugin. -->","yoast_head_json":{"title":"Rue de Siene - Re Dress","robots":{"index":"index","follow":"follow","max-snippet":"max-snippet:-1","max-image-preview":"max-image-preview:large","max-video-preview":"max-video-preview:-1"},"canonical":"https:\/\/redressmx.com\/index.php\/product\/rue-de-siene-2\/","og_locale":"es_MX","og_type":"article","og_title":"Rue de Siene - Re Dress","og_description":"Talla: 2\u00a0 \u00a0 \u00a0 \u00a0 \u00a0 \u00a0 \u00a0 \u00a0Desc: 42%","og_url":"https:\/\/redressmx.com\/index.php\/product\/rue-de-siene-2\/","og_site_name":"Re Dress","article_modified_time":"2025-01-19T17:50:50+00:00","og_image":[{"width":1200,"height":1600,"url":"https:\/\/redressmx.com\/wp-content\/uploads\/2024\/04\/241.webp","type":"image\/webp"}],"twitter_card":"summary_large_image","twitter_misc":{"Tiempo de lectura":"1 minuto"},"schema":{"@context":"https:\/\/schema.org","@graph":[{"@type":"WebPage","@id":"https:\/\/redressmx.com\/index.php\/product\/rue-de-siene-2\/","url":"https:\/\/redressmx.com\/index.php\/product\/rue-de-siene-2\/","name":"Rue de Siene - Re Dress","isPartOf":{"@id":"https:\/\/redressmx.com\/#website"},"primaryImageOfPage":{"@id":"https:\/\/redressmx.com\/index.php\/product\/rue-de-siene-2\/#primaryimage"},"image":{"@id":"https:\/\/redressmx.com\/index.php\/product\/rue-de-siene-2\/#primaryimage"},"thumbnailUrl":"https:\/\/redressmx.com\/wp-content\/uploads\/2024\/04\/241.webp","datePublished":"2024-04-13T16:14:28+00:00","dateModified":"2025-01-19T17:50:50+00:00","breadcrumb":{"@id":"https:\/\/redressmx.com\/index.php\/product\/rue-de-siene-2\/#breadcrumb"},"inLanguage":"es","potentialAction":[{"@type":"ReadAction","target":["https:\/\/redressmx.com\/index.php\/product\/rue-de-siene-2\/"]}]},{"@type":"ImageObject","inLanguage":"es","@id":"https:\/\/redressmx.com\/index.php\/product\/rue-de-siene-2\/#primaryimage","url":"https:\/\/redressmx.com\/wp-content\/uploads\/2024\/04\/241.webp","contentUrl":"https:\/\/redressmx.com\/wp-content\/uploads\/2024\/04\/241.webp","width":1200,"height":1600},{"@type":"BreadcrumbList","@id":"https:\/\/redressmx.com\/index.php\/product\/rue-de-siene-2\/#breadcrumb","itemListElement":[{"@type":"ListItem","position":1,"name":"Inicio","item":"https:\/\/redressmx.com\/"},{"@type":"ListItem","position":2,"name":"Shop","item":"https:\/\/redressmx.com\/index.php\/shop\/"},{"@type":"ListItem","position":3,"name":"Rue de Siene"}]},{"@type":"WebSite","@id":"https:\/\/redressmx.com\/#website","url":"https:\/\/redressmx.com\/","name":"Re Dress","description":"Somos el marketplace de vestidos pre-loved m\u00e1s exclusivo de M\u00e9xico.","publisher":{"@id":"https:\/\/redressmx.com\/#organization"},"potentialAction":[{"@type":"SearchAction","target":{"@type":"EntryPoint","urlTemplate":"https:\/\/redressmx.com\/?s={search_term_string}"},"query-input":{"@type":"PropertyValueSpecification","valueRequired":true,"valueName":"search_term_string"}}],"inLanguage":"es"},{"@type":"Organization","@id":"https:\/\/redressmx.com\/#organization","name":"Re Dress","url":"https:\/\/redressmx.com\/","logo":{"@type":"ImageObject","inLanguage":"es","@id":"https:\/\/redressmx.com\/#\/schema\/logo\/image\/","url":"https:\/\/redressmx.com\/wp-content\/uploads\/2024\/02\/Grupo-144-2.png","contentUrl":"https:\/\/redressmx.com\/wp-content\/uploads\/2024\/02\/Grupo-144-2.png","width":345,"height":58,"caption":"Re Dress"},"image":{"@id":"https:\/\/redressmx.com\/#\/schema\/logo\/image\/"}}]}},"_links":{"self":[{"href":"https:\/\/redressmx.com\/index.php\/wp-json\/wp\/v2\/product\/3445","targetHints":{"allow":["GET"]}}],"collection":[{"href":"https:\/\/redressmx.com\/index.php\/wp-json\/wp\/v2\/product"}],"about":[{"href":"https:\/\/redressmx.com\/index.php\/wp-json\/wp\/v2\/types\/product"}],"replies":[{"embeddable":true,"href":"https:\/\/redressmx.com\/index.php\/wp-json\/wp\/v2\/comments?post=3445"}],"wp:featuredmedia":[{"embeddable":true,"href":"https:\/\/redressmx.com\/index.php\/wp-json\/wp\/v2\/media\/3909"}],"wp:attachment":[{"href":"https:\/\/redressmx.com\/index.php\/wp-json\/wp\/v2\/media?parent=3445"}],"wp:term":[{"taxonomy":"product_brand","embeddable":true,"href":"https:\/\/redressmx.com\/index.php\/wp-json\/wp\/v2\/product_brand?post=3445"},{"taxonomy":"product_cat","embeddable":true,"href":"https:\/\/redressmx.com\/index.php\/wp-json\/wp\/v2\/product_cat?post=3445"},{"taxonomy":"product_tag","embeddable":true,"href":"https:\/\/redressmx.com\/index.php\/wp-json\/wp\/v2\/product_tag?post=3445"}],"curies":[{"name":"wp","href":"https:\/\/api.w.org\/{rel}","templated":true}]}}