{"id":3451,"date":"2024-04-16T15:22:48","date_gmt":"2024-04-16T15:22:48","guid":{"rendered":"https:\/\/oportunidadesdigitales.online\/redress\/?post_type=product&#038;p=3451"},"modified":"2024-04-25T14:47:22","modified_gmt":"2024-04-25T14:47:22","slug":"va-de-blanco-4","status":"publish","type":"product","link":"https:\/\/redressmx.com\/index.php\/product\/va-de-blanco-4\/","title":{"rendered":"Va de Blanco"},"content":{"rendered":"<p>Vestido corte fit and flare, es strapless con opci\u00f3n de ponerle unos tirantes s\u00faper ligeros y c\u00f3modos, la falda tiene una ca\u00edda s\u00faper ligera y natural, resaltando la cintura sin ser corte sirena. La parte superior del bustier, es semi transparente, lo cual deja un detalle s\u00faper lindo en contraste con la piel. Las copas le dan una forma muy linda al busto sin tener que usar brassiere. Lleva un emcaje ligero en la parte superior y en la falda. Es muy sencillo y tiene poca pedrer\u00eda y es muy ligera. El tono de todo el vestido es ivory.<\/p>\n<p>Descuento: 35%<\/p>\n","protected":false},"excerpt":{"rendered":"<p>Talla: 2\u00a0 \u00a0 \u00a0 \u00a0 \u00a0 \u00a0 \u00a0 \u00a0Desc: 35%<\/p>\n","protected":false},"featured_media":3923,"comment_status":"open","ping_status":"closed","template":"","meta":[],"product_brand":[],"product_cat":[29,136,139,30,54],"product_tag":[105,245,55,308,45,43,175,106],"class_list":{"0":"post-3451","1":"product","2":"type-product","3":"status-publish","4":"has-post-thumbnail","6":"product_cat-general","7":"product_cat-136","8":"product_cat-blanco","9":"product_cat-vestidos-novia","10":"product_cat-va-de-blanco","11":"product_tag-preowned-dresses","12":"product_tag-pronovias-con-descuento","13":"product_tag-va-de-blanco","14":"product_tag-va-de-blanco-preowned","15":"product_tag-vestido-barato","16":"product_tag-vestido-segunda-mano","17":"product_tag-vestidos-en-descuento","18":"product_tag-vestidos-preloved","20":"first","21":"instock","22":"sale","23":"shipping-taxable","24":"purchasable","25":"product-type-simple"},"yoast_head":"<!-- This site is optimized with the Yoast SEO plugin v26.8 - https:\/\/yoast.com\/product\/yoast-seo-wordpress\/ -->\n<title>Va de Blanco - Re Dress<\/title>\n<meta name=\"robots\" content=\"index, follow, max-snippet:-1, max-image-preview:large, max-video-preview:-1\" \/>\n<link rel=\"canonical\" href=\"https:\/\/redressmx.com\/index.php\/product\/va-de-blanco-4\/\" \/>\n<meta property=\"og:locale\" content=\"es_MX\" \/>\n<meta property=\"og:type\" content=\"article\" \/>\n<meta property=\"og:title\" content=\"Va de Blanco - Re Dress\" \/>\n<meta property=\"og:description\" content=\"Talla: 2\u00a0 \u00a0 \u00a0 \u00a0 \u00a0 \u00a0 \u00a0 \u00a0Desc: 35%\" \/>\n<meta property=\"og:url\" content=\"https:\/\/redressmx.com\/index.php\/product\/va-de-blanco-4\/\" \/>\n<meta property=\"og:site_name\" content=\"Re Dress\" \/>\n<meta property=\"article:modified_time\" content=\"2024-04-25T14:47:22+00:00\" \/>\n<meta property=\"og:image\" content=\"https:\/\/i0.wp.com\/redressmx.com\/wp-content\/uploads\/2024\/04\/255.webp?fit=1200%2C1600&ssl=1\" \/>\n\t<meta property=\"og:image:width\" content=\"1200\" \/>\n\t<meta property=\"og:image:height\" content=\"1600\" \/>\n\t<meta property=\"og:image:type\" content=\"image\/webp\" \/>\n<meta name=\"twitter:card\" content=\"summary_large_image\" \/>\n<meta name=\"twitter:label1\" content=\"Tiempo de lectura\" \/>\n\t<meta name=\"twitter:data1\" content=\"1 minuto\" \/>\n<script type=\"application\/ld+json\" class=\"yoast-schema-graph\">{\"@context\":\"https:\/\/schema.org\",\"@graph\":[{\"@type\":\"WebPage\",\"@id\":\"https:\/\/redressmx.com\/index.php\/product\/va-de-blanco-4\/\",\"url\":\"https:\/\/redressmx.com\/index.php\/product\/va-de-blanco-4\/\",\"name\":\"Va de Blanco - Re Dress\",\"isPartOf\":{\"@id\":\"https:\/\/redressmx.com\/#website\"},\"primaryImageOfPage\":{\"@id\":\"https:\/\/redressmx.com\/index.php\/product\/va-de-blanco-4\/#primaryimage\"},\"image\":{\"@id\":\"https:\/\/redressmx.com\/index.php\/product\/va-de-blanco-4\/#primaryimage\"},\"thumbnailUrl\":\"https:\/\/redressmx.com\/wp-content\/uploads\/2024\/04\/255.webp\",\"datePublished\":\"2024-04-16T15:22:48+00:00\",\"dateModified\":\"2024-04-25T14:47:22+00:00\",\"breadcrumb\":{\"@id\":\"https:\/\/redressmx.com\/index.php\/product\/va-de-blanco-4\/#breadcrumb\"},\"inLanguage\":\"es\",\"potentialAction\":[{\"@type\":\"ReadAction\",\"target\":[\"https:\/\/redressmx.com\/index.php\/product\/va-de-blanco-4\/\"]}]},{\"@type\":\"ImageObject\",\"inLanguage\":\"es\",\"@id\":\"https:\/\/redressmx.com\/index.php\/product\/va-de-blanco-4\/#primaryimage\",\"url\":\"https:\/\/redressmx.com\/wp-content\/uploads\/2024\/04\/255.webp\",\"contentUrl\":\"https:\/\/redressmx.com\/wp-content\/uploads\/2024\/04\/255.webp\",\"width\":1200,\"height\":1600},{\"@type\":\"BreadcrumbList\",\"@id\":\"https:\/\/redressmx.com\/index.php\/product\/va-de-blanco-4\/#breadcrumb\",\"itemListElement\":[{\"@type\":\"ListItem\",\"position\":1,\"name\":\"Inicio\",\"item\":\"https:\/\/redressmx.com\/\"},{\"@type\":\"ListItem\",\"position\":2,\"name\":\"Shop\",\"item\":\"https:\/\/redressmx.com\/index.php\/shop\/\"},{\"@type\":\"ListItem\",\"position\":3,\"name\":\"Va de Blanco\"}]},{\"@type\":\"WebSite\",\"@id\":\"https:\/\/redressmx.com\/#website\",\"url\":\"https:\/\/redressmx.com\/\",\"name\":\"Re Dress\",\"description\":\"Somos el marketplace de vestidos pre-loved m\u00e1s exclusivo de M\u00e9xico.\",\"publisher\":{\"@id\":\"https:\/\/redressmx.com\/#organization\"},\"potentialAction\":[{\"@type\":\"SearchAction\",\"target\":{\"@type\":\"EntryPoint\",\"urlTemplate\":\"https:\/\/redressmx.com\/?s={search_term_string}\"},\"query-input\":{\"@type\":\"PropertyValueSpecification\",\"valueRequired\":true,\"valueName\":\"search_term_string\"}}],\"inLanguage\":\"es\"},{\"@type\":\"Organization\",\"@id\":\"https:\/\/redressmx.com\/#organization\",\"name\":\"Re Dress\",\"url\":\"https:\/\/redressmx.com\/\",\"logo\":{\"@type\":\"ImageObject\",\"inLanguage\":\"es\",\"@id\":\"https:\/\/redressmx.com\/#\/schema\/logo\/image\/\",\"url\":\"https:\/\/redressmx.com\/wp-content\/uploads\/2024\/02\/Grupo-144-2.png\",\"contentUrl\":\"https:\/\/redressmx.com\/wp-content\/uploads\/2024\/02\/Grupo-144-2.png\",\"width\":345,\"height\":58,\"caption\":\"Re Dress\"},\"image\":{\"@id\":\"https:\/\/redressmx.com\/#\/schema\/logo\/image\/\"}}]}<\/script>\n<!-- \/ Yoast SEO plugin. -->","yoast_head_json":{"title":"Va de Blanco - Re Dress","robots":{"index":"index","follow":"follow","max-snippet":"max-snippet:-1","max-image-preview":"max-image-preview:large","max-video-preview":"max-video-preview:-1"},"canonical":"https:\/\/redressmx.com\/index.php\/product\/va-de-blanco-4\/","og_locale":"es_MX","og_type":"article","og_title":"Va de Blanco - Re Dress","og_description":"Talla: 2\u00a0 \u00a0 \u00a0 \u00a0 \u00a0 \u00a0 \u00a0 \u00a0Desc: 35%","og_url":"https:\/\/redressmx.com\/index.php\/product\/va-de-blanco-4\/","og_site_name":"Re Dress","article_modified_time":"2024-04-25T14:47:22+00:00","og_image":[{"width":1200,"height":1600,"url":"https:\/\/i0.wp.com\/redressmx.com\/wp-content\/uploads\/2024\/04\/255.webp?fit=1200%2C1600&ssl=1","type":"image\/webp"}],"twitter_card":"summary_large_image","twitter_misc":{"Tiempo de lectura":"1 minuto"},"schema":{"@context":"https:\/\/schema.org","@graph":[{"@type":"WebPage","@id":"https:\/\/redressmx.com\/index.php\/product\/va-de-blanco-4\/","url":"https:\/\/redressmx.com\/index.php\/product\/va-de-blanco-4\/","name":"Va de Blanco - Re Dress","isPartOf":{"@id":"https:\/\/redressmx.com\/#website"},"primaryImageOfPage":{"@id":"https:\/\/redressmx.com\/index.php\/product\/va-de-blanco-4\/#primaryimage"},"image":{"@id":"https:\/\/redressmx.com\/index.php\/product\/va-de-blanco-4\/#primaryimage"},"thumbnailUrl":"https:\/\/redressmx.com\/wp-content\/uploads\/2024\/04\/255.webp","datePublished":"2024-04-16T15:22:48+00:00","dateModified":"2024-04-25T14:47:22+00:00","breadcrumb":{"@id":"https:\/\/redressmx.com\/index.php\/product\/va-de-blanco-4\/#breadcrumb"},"inLanguage":"es","potentialAction":[{"@type":"ReadAction","target":["https:\/\/redressmx.com\/index.php\/product\/va-de-blanco-4\/"]}]},{"@type":"ImageObject","inLanguage":"es","@id":"https:\/\/redressmx.com\/index.php\/product\/va-de-blanco-4\/#primaryimage","url":"https:\/\/redressmx.com\/wp-content\/uploads\/2024\/04\/255.webp","contentUrl":"https:\/\/redressmx.com\/wp-content\/uploads\/2024\/04\/255.webp","width":1200,"height":1600},{"@type":"BreadcrumbList","@id":"https:\/\/redressmx.com\/index.php\/product\/va-de-blanco-4\/#breadcrumb","itemListElement":[{"@type":"ListItem","position":1,"name":"Inicio","item":"https:\/\/redressmx.com\/"},{"@type":"ListItem","position":2,"name":"Shop","item":"https:\/\/redressmx.com\/index.php\/shop\/"},{"@type":"ListItem","position":3,"name":"Va de Blanco"}]},{"@type":"WebSite","@id":"https:\/\/redressmx.com\/#website","url":"https:\/\/redressmx.com\/","name":"Re Dress","description":"Somos el marketplace de vestidos pre-loved m\u00e1s exclusivo de M\u00e9xico.","publisher":{"@id":"https:\/\/redressmx.com\/#organization"},"potentialAction":[{"@type":"SearchAction","target":{"@type":"EntryPoint","urlTemplate":"https:\/\/redressmx.com\/?s={search_term_string}"},"query-input":{"@type":"PropertyValueSpecification","valueRequired":true,"valueName":"search_term_string"}}],"inLanguage":"es"},{"@type":"Organization","@id":"https:\/\/redressmx.com\/#organization","name":"Re Dress","url":"https:\/\/redressmx.com\/","logo":{"@type":"ImageObject","inLanguage":"es","@id":"https:\/\/redressmx.com\/#\/schema\/logo\/image\/","url":"https:\/\/redressmx.com\/wp-content\/uploads\/2024\/02\/Grupo-144-2.png","contentUrl":"https:\/\/redressmx.com\/wp-content\/uploads\/2024\/02\/Grupo-144-2.png","width":345,"height":58,"caption":"Re Dress"},"image":{"@id":"https:\/\/redressmx.com\/#\/schema\/logo\/image\/"}}]}},"_links":{"self":[{"href":"https:\/\/redressmx.com\/index.php\/wp-json\/wp\/v2\/product\/3451","targetHints":{"allow":["GET"]}}],"collection":[{"href":"https:\/\/redressmx.com\/index.php\/wp-json\/wp\/v2\/product"}],"about":[{"href":"https:\/\/redressmx.com\/index.php\/wp-json\/wp\/v2\/types\/product"}],"replies":[{"embeddable":true,"href":"https:\/\/redressmx.com\/index.php\/wp-json\/wp\/v2\/comments?post=3451"}],"wp:featuredmedia":[{"embeddable":true,"href":"https:\/\/redressmx.com\/index.php\/wp-json\/wp\/v2\/media\/3923"}],"wp:attachment":[{"href":"https:\/\/redressmx.com\/index.php\/wp-json\/wp\/v2\/media?parent=3451"}],"wp:term":[{"taxonomy":"product_brand","embeddable":true,"href":"https:\/\/redressmx.com\/index.php\/wp-json\/wp\/v2\/product_brand?post=3451"},{"taxonomy":"product_cat","embeddable":true,"href":"https:\/\/redressmx.com\/index.php\/wp-json\/wp\/v2\/product_cat?post=3451"},{"taxonomy":"product_tag","embeddable":true,"href":"https:\/\/redressmx.com\/index.php\/wp-json\/wp\/v2\/product_tag?post=3451"}],"curies":[{"name":"wp","href":"https:\/\/api.w.org\/{rel}","templated":true}]}}