{"id":6125,"date":"2024-09-27T15:14:30","date_gmt":"2024-09-27T21:14:30","guid":{"rendered":"https:\/\/redressmx.com\/?post_type=product&#038;p=6125"},"modified":"2025-01-17T15:10:17","modified_gmt":"2025-01-17T21:10:17","slug":"wona-concept-2","status":"publish","type":"product","link":"https:\/\/redressmx.com\/index.php\/product\/wona-concept-2\/","title":{"rendered":"WONA Concept"},"content":{"rendered":"<p>Arwen<br \/>\nColecci\u00f3n atelier| Edici\u00f3n limitada<\/p>\n<p>Una verdadera creaci\u00f3n art\u00edstica, Arwen es una obra maestra que requiere unas 110 horas de trabajo de una costurera.<\/p>\n<p>Arwen es un vestido de novia de sirena con estructura femenina hecho de delicado encaje floral 3D. Un cors\u00e9 presenta un escote coraz\u00f3n sin tirantes y una espalda baja. Espectacular encaje bordado cubre toda la silueta procediendo en una fant\u00e1stica falda ajustada y acampanada con un tren de catedral. Las espectaculares mangas de linterna de ilusi\u00f3n son desmontables.<br \/>\n( el vestido solo se us\u00f3 1 d\u00eda, est\u00e1 en perfectas condiciones, se ajust\u00f3 a mi medida por una modista pero vuelve a su talla normal 40, incluye el velo largo 5 metros y velo corto 1 metro aprox. El velo es de la misma tela de las mangas del vestido)<\/p>\n<p>Descuento: 42%<\/p>\n","protected":false},"excerpt":{"rendered":"<p>Talla: 8\u00a0 \u00a0 \u00a0 \u00a0 \u00a0 \u00a0 \u00a0 \u00a0Desc: 42%<\/p>\n","protected":false},"featured_media":6126,"comment_status":"open","ping_status":"closed","template":"","meta":[],"product_brand":[],"product_cat":[1238,137,139,30],"product_tag":[397,228,475,1239,476],"class_list":{"0":"post-6125","1":"product","2":"type-product","3":"status-publish","4":"has-post-thumbnail","6":"product_cat-wona-concept-general","7":"product_cat-137","8":"product_cat-blanco","9":"product_cat-vestidos-novia","10":"product_tag-vestido-de-novia-en-descuento","11":"product_tag-vestido-de-novia-preloved","12":"product_tag-wona-concept","13":"product_tag-wona-concept-novia","14":"product_tag-wona-concept-preloved","16":"first","17":"instock","18":"sale","19":"shipping-taxable","20":"purchasable","21":"product-type-simple"},"yoast_head":"<!-- This site is optimized with the Yoast SEO plugin v26.8 - https:\/\/yoast.com\/product\/yoast-seo-wordpress\/ -->\n<title>WONA Concept - Re Dress<\/title>\n<meta name=\"robots\" content=\"index, follow, max-snippet:-1, max-image-preview:large, max-video-preview:-1\" \/>\n<link rel=\"canonical\" href=\"https:\/\/redressmx.com\/index.php\/product\/wona-concept-2\/\" \/>\n<meta property=\"og:locale\" content=\"es_MX\" \/>\n<meta property=\"og:type\" content=\"article\" \/>\n<meta property=\"og:title\" content=\"WONA Concept - Re Dress\" \/>\n<meta property=\"og:description\" content=\"Talla: 8\u00a0 \u00a0 \u00a0 \u00a0 \u00a0 \u00a0 \u00a0 \u00a0Desc: 42%\" \/>\n<meta property=\"og:url\" content=\"https:\/\/redressmx.com\/index.php\/product\/wona-concept-2\/\" \/>\n<meta property=\"og:site_name\" content=\"Re Dress\" \/>\n<meta property=\"article:modified_time\" content=\"2025-01-17T21:10:17+00:00\" \/>\n<meta property=\"og:image\" content=\"https:\/\/redressmx.com\/wp-content\/uploads\/2024\/09\/13-768x1024.png\" \/>\n\t<meta property=\"og:image:width\" content=\"768\" \/>\n\t<meta property=\"og:image:height\" content=\"1024\" \/>\n\t<meta property=\"og:image:type\" content=\"image\/png\" \/>\n<meta name=\"twitter:card\" content=\"summary_large_image\" \/>\n<meta name=\"twitter:label1\" content=\"Tiempo de lectura\" \/>\n\t<meta name=\"twitter:data1\" content=\"1 minuto\" \/>\n<script type=\"application\/ld+json\" class=\"yoast-schema-graph\">{\"@context\":\"https:\/\/schema.org\",\"@graph\":[{\"@type\":\"WebPage\",\"@id\":\"https:\/\/redressmx.com\/index.php\/product\/wona-concept-2\/\",\"url\":\"https:\/\/redressmx.com\/index.php\/product\/wona-concept-2\/\",\"name\":\"WONA Concept - Re Dress\",\"isPartOf\":{\"@id\":\"https:\/\/redressmx.com\/#website\"},\"primaryImageOfPage\":{\"@id\":\"https:\/\/redressmx.com\/index.php\/product\/wona-concept-2\/#primaryimage\"},\"image\":{\"@id\":\"https:\/\/redressmx.com\/index.php\/product\/wona-concept-2\/#primaryimage\"},\"thumbnailUrl\":\"https:\/\/redressmx.com\/wp-content\/uploads\/2024\/09\/13.png\",\"datePublished\":\"2024-09-27T21:14:30+00:00\",\"dateModified\":\"2025-01-17T21:10:17+00:00\",\"breadcrumb\":{\"@id\":\"https:\/\/redressmx.com\/index.php\/product\/wona-concept-2\/#breadcrumb\"},\"inLanguage\":\"es\",\"potentialAction\":[{\"@type\":\"ReadAction\",\"target\":[\"https:\/\/redressmx.com\/index.php\/product\/wona-concept-2\/\"]}]},{\"@type\":\"ImageObject\",\"inLanguage\":\"es\",\"@id\":\"https:\/\/redressmx.com\/index.php\/product\/wona-concept-2\/#primaryimage\",\"url\":\"https:\/\/redressmx.com\/wp-content\/uploads\/2024\/09\/13.png\",\"contentUrl\":\"https:\/\/redressmx.com\/wp-content\/uploads\/2024\/09\/13.png\",\"width\":1200,\"height\":1600},{\"@type\":\"BreadcrumbList\",\"@id\":\"https:\/\/redressmx.com\/index.php\/product\/wona-concept-2\/#breadcrumb\",\"itemListElement\":[{\"@type\":\"ListItem\",\"position\":1,\"name\":\"Inicio\",\"item\":\"https:\/\/redressmx.com\/\"},{\"@type\":\"ListItem\",\"position\":2,\"name\":\"Shop\",\"item\":\"https:\/\/redressmx.com\/index.php\/shop\/\"},{\"@type\":\"ListItem\",\"position\":3,\"name\":\"WONA Concept\"}]},{\"@type\":\"WebSite\",\"@id\":\"https:\/\/redressmx.com\/#website\",\"url\":\"https:\/\/redressmx.com\/\",\"name\":\"Re Dress\",\"description\":\"Somos el marketplace de vestidos pre-loved m\u00e1s exclusivo de M\u00e9xico.\",\"publisher\":{\"@id\":\"https:\/\/redressmx.com\/#organization\"},\"potentialAction\":[{\"@type\":\"SearchAction\",\"target\":{\"@type\":\"EntryPoint\",\"urlTemplate\":\"https:\/\/redressmx.com\/?s={search_term_string}\"},\"query-input\":{\"@type\":\"PropertyValueSpecification\",\"valueRequired\":true,\"valueName\":\"search_term_string\"}}],\"inLanguage\":\"es\"},{\"@type\":\"Organization\",\"@id\":\"https:\/\/redressmx.com\/#organization\",\"name\":\"Re Dress\",\"url\":\"https:\/\/redressmx.com\/\",\"logo\":{\"@type\":\"ImageObject\",\"inLanguage\":\"es\",\"@id\":\"https:\/\/redressmx.com\/#\/schema\/logo\/image\/\",\"url\":\"https:\/\/redressmx.com\/wp-content\/uploads\/2024\/02\/Grupo-144-2.png\",\"contentUrl\":\"https:\/\/redressmx.com\/wp-content\/uploads\/2024\/02\/Grupo-144-2.png\",\"width\":345,\"height\":58,\"caption\":\"Re Dress\"},\"image\":{\"@id\":\"https:\/\/redressmx.com\/#\/schema\/logo\/image\/\"}}]}<\/script>\n<!-- \/ Yoast SEO plugin. -->","yoast_head_json":{"title":"WONA Concept - Re Dress","robots":{"index":"index","follow":"follow","max-snippet":"max-snippet:-1","max-image-preview":"max-image-preview:large","max-video-preview":"max-video-preview:-1"},"canonical":"https:\/\/redressmx.com\/index.php\/product\/wona-concept-2\/","og_locale":"es_MX","og_type":"article","og_title":"WONA Concept - Re Dress","og_description":"Talla: 8\u00a0 \u00a0 \u00a0 \u00a0 \u00a0 \u00a0 \u00a0 \u00a0Desc: 42%","og_url":"https:\/\/redressmx.com\/index.php\/product\/wona-concept-2\/","og_site_name":"Re Dress","article_modified_time":"2025-01-17T21:10:17+00:00","og_image":[{"width":768,"height":1024,"url":"https:\/\/redressmx.com\/wp-content\/uploads\/2024\/09\/13-768x1024.png","type":"image\/png"}],"twitter_card":"summary_large_image","twitter_misc":{"Tiempo de lectura":"1 minuto"},"schema":{"@context":"https:\/\/schema.org","@graph":[{"@type":"WebPage","@id":"https:\/\/redressmx.com\/index.php\/product\/wona-concept-2\/","url":"https:\/\/redressmx.com\/index.php\/product\/wona-concept-2\/","name":"WONA Concept - Re Dress","isPartOf":{"@id":"https:\/\/redressmx.com\/#website"},"primaryImageOfPage":{"@id":"https:\/\/redressmx.com\/index.php\/product\/wona-concept-2\/#primaryimage"},"image":{"@id":"https:\/\/redressmx.com\/index.php\/product\/wona-concept-2\/#primaryimage"},"thumbnailUrl":"https:\/\/redressmx.com\/wp-content\/uploads\/2024\/09\/13.png","datePublished":"2024-09-27T21:14:30+00:00","dateModified":"2025-01-17T21:10:17+00:00","breadcrumb":{"@id":"https:\/\/redressmx.com\/index.php\/product\/wona-concept-2\/#breadcrumb"},"inLanguage":"es","potentialAction":[{"@type":"ReadAction","target":["https:\/\/redressmx.com\/index.php\/product\/wona-concept-2\/"]}]},{"@type":"ImageObject","inLanguage":"es","@id":"https:\/\/redressmx.com\/index.php\/product\/wona-concept-2\/#primaryimage","url":"https:\/\/redressmx.com\/wp-content\/uploads\/2024\/09\/13.png","contentUrl":"https:\/\/redressmx.com\/wp-content\/uploads\/2024\/09\/13.png","width":1200,"height":1600},{"@type":"BreadcrumbList","@id":"https:\/\/redressmx.com\/index.php\/product\/wona-concept-2\/#breadcrumb","itemListElement":[{"@type":"ListItem","position":1,"name":"Inicio","item":"https:\/\/redressmx.com\/"},{"@type":"ListItem","position":2,"name":"Shop","item":"https:\/\/redressmx.com\/index.php\/shop\/"},{"@type":"ListItem","position":3,"name":"WONA Concept"}]},{"@type":"WebSite","@id":"https:\/\/redressmx.com\/#website","url":"https:\/\/redressmx.com\/","name":"Re Dress","description":"Somos el marketplace de vestidos pre-loved m\u00e1s exclusivo de M\u00e9xico.","publisher":{"@id":"https:\/\/redressmx.com\/#organization"},"potentialAction":[{"@type":"SearchAction","target":{"@type":"EntryPoint","urlTemplate":"https:\/\/redressmx.com\/?s={search_term_string}"},"query-input":{"@type":"PropertyValueSpecification","valueRequired":true,"valueName":"search_term_string"}}],"inLanguage":"es"},{"@type":"Organization","@id":"https:\/\/redressmx.com\/#organization","name":"Re Dress","url":"https:\/\/redressmx.com\/","logo":{"@type":"ImageObject","inLanguage":"es","@id":"https:\/\/redressmx.com\/#\/schema\/logo\/image\/","url":"https:\/\/redressmx.com\/wp-content\/uploads\/2024\/02\/Grupo-144-2.png","contentUrl":"https:\/\/redressmx.com\/wp-content\/uploads\/2024\/02\/Grupo-144-2.png","width":345,"height":58,"caption":"Re Dress"},"image":{"@id":"https:\/\/redressmx.com\/#\/schema\/logo\/image\/"}}]}},"_links":{"self":[{"href":"https:\/\/redressmx.com\/index.php\/wp-json\/wp\/v2\/product\/6125","targetHints":{"allow":["GET"]}}],"collection":[{"href":"https:\/\/redressmx.com\/index.php\/wp-json\/wp\/v2\/product"}],"about":[{"href":"https:\/\/redressmx.com\/index.php\/wp-json\/wp\/v2\/types\/product"}],"replies":[{"embeddable":true,"href":"https:\/\/redressmx.com\/index.php\/wp-json\/wp\/v2\/comments?post=6125"}],"wp:featuredmedia":[{"embeddable":true,"href":"https:\/\/redressmx.com\/index.php\/wp-json\/wp\/v2\/media\/6126"}],"wp:attachment":[{"href":"https:\/\/redressmx.com\/index.php\/wp-json\/wp\/v2\/media?parent=6125"}],"wp:term":[{"taxonomy":"product_brand","embeddable":true,"href":"https:\/\/redressmx.com\/index.php\/wp-json\/wp\/v2\/product_brand?post=6125"},{"taxonomy":"product_cat","embeddable":true,"href":"https:\/\/redressmx.com\/index.php\/wp-json\/wp\/v2\/product_cat?post=6125"},{"taxonomy":"product_tag","embeddable":true,"href":"https:\/\/redressmx.com\/index.php\/wp-json\/wp\/v2\/product_tag?post=6125"}],"curies":[{"name":"wp","href":"https:\/\/api.w.org\/{rel}","templated":true}]}}