{"id":8021,"date":"2025-03-05T12:26:02","date_gmt":"2025-03-05T18:26:02","guid":{"rendered":"https:\/\/redressmx.com\/?post_type=product&#038;p=8021"},"modified":"2025-03-05T12:35:35","modified_gmt":"2025-03-05T18:35:35","slug":"pronovias-31","status":"publish","type":"product","link":"https:\/\/redressmx.com\/index.php\/product\/pronovias-31\/","title":{"rendered":"Pronovias"},"content":{"rendered":"<p>Vestido corte princesa , color Ivory , hermoso , un solo uso y solo se us\u00f3 para la iglesia y el baile , tiene bolsos lo cual lo hace s\u00faper c\u00f3modo , tiene una cola hermosa la cual para comodidad se atora hacia la cadera , es un vestido muy elegante , muy buena tela y excelente<\/p>\n<p>Descuento: 56%<\/p>\n","protected":false},"excerpt":{"rendered":"<p>Talla: 6\u00a0 \u00a0 \u00a0 \u00a0 \u00a0 \u00a0 \u00a0 \u00a0Desc: 56%<\/p>\n","protected":false},"featured_media":8024,"comment_status":"open","ping_status":"closed","template":"","meta":[],"product_brand":[],"product_cat":[29,133,139,30,40],"product_tag":[41,226,1659,1974,273,1101,397,228,1674,218,1890],"class_list":{"0":"post-8021","1":"product","2":"type-product","3":"status-publish","4":"has-post-thumbnail","6":"product_cat-general","7":"product_cat-133","8":"product_cat-blanco","9":"product_cat-vestidos-novia","10":"product_cat-pronovias","11":"product_tag-pronovias","12":"product_tag-pronovias-preloved","13":"product_tag-pronovias-sale","14":"product_tag-pronovias-segundo-uso","15":"product_tag-vestido-de-novia-barato","16":"product_tag-vestido-de-novia-descuento","17":"product_tag-vestido-de-novia-en-descuento","18":"product_tag-vestido-de-novia-preloved","19":"product_tag-vestido-de-novia-sale","20":"product_tag-vestido-de-novia-segundo-uso","21":"product_tag-vestido-de-novia-un-uso","23":"first","24":"instock","25":"sale","26":"shipping-taxable","27":"purchasable","28":"product-type-simple"},"yoast_head":"<!-- This site is optimized with the Yoast SEO plugin v26.8 - https:\/\/yoast.com\/product\/yoast-seo-wordpress\/ -->\n<title>Pronovias - Re Dress<\/title>\n<meta name=\"robots\" content=\"index, follow, max-snippet:-1, max-image-preview:large, max-video-preview:-1\" \/>\n<link rel=\"canonical\" href=\"https:\/\/redressmx.com\/index.php\/product\/pronovias-31\/\" \/>\n<meta property=\"og:locale\" content=\"es_MX\" \/>\n<meta property=\"og:type\" content=\"article\" \/>\n<meta property=\"og:title\" content=\"Pronovias - Re Dress\" \/>\n<meta property=\"og:description\" content=\"Talla: 6\u00a0 \u00a0 \u00a0 \u00a0 \u00a0 \u00a0 \u00a0 \u00a0Desc: 56%\" \/>\n<meta property=\"og:url\" content=\"https:\/\/redressmx.com\/index.php\/product\/pronovias-31\/\" \/>\n<meta property=\"og:site_name\" content=\"Re Dress\" \/>\n<meta property=\"article:modified_time\" content=\"2025-03-05T18:35:35+00:00\" \/>\n<meta property=\"og:image\" content=\"https:\/\/redressmx.com\/wp-content\/uploads\/2025\/03\/359.png\" \/>\n\t<meta property=\"og:image:width\" content=\"1200\" \/>\n\t<meta property=\"og:image:height\" content=\"1600\" \/>\n\t<meta property=\"og:image:type\" content=\"image\/png\" \/>\n<meta name=\"twitter:card\" content=\"summary_large_image\" \/>\n<meta name=\"twitter:label1\" content=\"Tiempo de lectura\" \/>\n\t<meta name=\"twitter:data1\" content=\"1 minuto\" \/>\n<script type=\"application\/ld+json\" class=\"yoast-schema-graph\">{\"@context\":\"https:\/\/schema.org\",\"@graph\":[{\"@type\":\"WebPage\",\"@id\":\"https:\/\/redressmx.com\/index.php\/product\/pronovias-31\/\",\"url\":\"https:\/\/redressmx.com\/index.php\/product\/pronovias-31\/\",\"name\":\"Pronovias - Re Dress\",\"isPartOf\":{\"@id\":\"https:\/\/redressmx.com\/#website\"},\"primaryImageOfPage\":{\"@id\":\"https:\/\/redressmx.com\/index.php\/product\/pronovias-31\/#primaryimage\"},\"image\":{\"@id\":\"https:\/\/redressmx.com\/index.php\/product\/pronovias-31\/#primaryimage\"},\"thumbnailUrl\":\"https:\/\/redressmx.com\/wp-content\/uploads\/2025\/03\/359.png\",\"datePublished\":\"2025-03-05T18:26:02+00:00\",\"dateModified\":\"2025-03-05T18:35:35+00:00\",\"breadcrumb\":{\"@id\":\"https:\/\/redressmx.com\/index.php\/product\/pronovias-31\/#breadcrumb\"},\"inLanguage\":\"es\",\"potentialAction\":[{\"@type\":\"ReadAction\",\"target\":[\"https:\/\/redressmx.com\/index.php\/product\/pronovias-31\/\"]}]},{\"@type\":\"ImageObject\",\"inLanguage\":\"es\",\"@id\":\"https:\/\/redressmx.com\/index.php\/product\/pronovias-31\/#primaryimage\",\"url\":\"https:\/\/redressmx.com\/wp-content\/uploads\/2025\/03\/359.png\",\"contentUrl\":\"https:\/\/redressmx.com\/wp-content\/uploads\/2025\/03\/359.png\",\"width\":1200,\"height\":1600},{\"@type\":\"BreadcrumbList\",\"@id\":\"https:\/\/redressmx.com\/index.php\/product\/pronovias-31\/#breadcrumb\",\"itemListElement\":[{\"@type\":\"ListItem\",\"position\":1,\"name\":\"Inicio\",\"item\":\"https:\/\/redressmx.com\/\"},{\"@type\":\"ListItem\",\"position\":2,\"name\":\"Shop\",\"item\":\"https:\/\/redressmx.com\/index.php\/shop\/\"},{\"@type\":\"ListItem\",\"position\":3,\"name\":\"Pronovias\"}]},{\"@type\":\"WebSite\",\"@id\":\"https:\/\/redressmx.com\/#website\",\"url\":\"https:\/\/redressmx.com\/\",\"name\":\"Re Dress\",\"description\":\"Somos el marketplace de vestidos pre-loved m\u00e1s exclusivo de M\u00e9xico.\",\"publisher\":{\"@id\":\"https:\/\/redressmx.com\/#organization\"},\"potentialAction\":[{\"@type\":\"SearchAction\",\"target\":{\"@type\":\"EntryPoint\",\"urlTemplate\":\"https:\/\/redressmx.com\/?s={search_term_string}\"},\"query-input\":{\"@type\":\"PropertyValueSpecification\",\"valueRequired\":true,\"valueName\":\"search_term_string\"}}],\"inLanguage\":\"es\"},{\"@type\":\"Organization\",\"@id\":\"https:\/\/redressmx.com\/#organization\",\"name\":\"Re Dress\",\"url\":\"https:\/\/redressmx.com\/\",\"logo\":{\"@type\":\"ImageObject\",\"inLanguage\":\"es\",\"@id\":\"https:\/\/redressmx.com\/#\/schema\/logo\/image\/\",\"url\":\"https:\/\/redressmx.com\/wp-content\/uploads\/2024\/02\/Grupo-144-2.png\",\"contentUrl\":\"https:\/\/redressmx.com\/wp-content\/uploads\/2024\/02\/Grupo-144-2.png\",\"width\":345,\"height\":58,\"caption\":\"Re Dress\"},\"image\":{\"@id\":\"https:\/\/redressmx.com\/#\/schema\/logo\/image\/\"}}]}<\/script>\n<!-- \/ Yoast SEO plugin. -->","yoast_head_json":{"title":"Pronovias - Re Dress","robots":{"index":"index","follow":"follow","max-snippet":"max-snippet:-1","max-image-preview":"max-image-preview:large","max-video-preview":"max-video-preview:-1"},"canonical":"https:\/\/redressmx.com\/index.php\/product\/pronovias-31\/","og_locale":"es_MX","og_type":"article","og_title":"Pronovias - Re Dress","og_description":"Talla: 6\u00a0 \u00a0 \u00a0 \u00a0 \u00a0 \u00a0 \u00a0 \u00a0Desc: 56%","og_url":"https:\/\/redressmx.com\/index.php\/product\/pronovias-31\/","og_site_name":"Re Dress","article_modified_time":"2025-03-05T18:35:35+00:00","og_image":[{"width":1200,"height":1600,"url":"https:\/\/redressmx.com\/wp-content\/uploads\/2025\/03\/359.png","type":"image\/png"}],"twitter_card":"summary_large_image","twitter_misc":{"Tiempo de lectura":"1 minuto"},"schema":{"@context":"https:\/\/schema.org","@graph":[{"@type":"WebPage","@id":"https:\/\/redressmx.com\/index.php\/product\/pronovias-31\/","url":"https:\/\/redressmx.com\/index.php\/product\/pronovias-31\/","name":"Pronovias - Re Dress","isPartOf":{"@id":"https:\/\/redressmx.com\/#website"},"primaryImageOfPage":{"@id":"https:\/\/redressmx.com\/index.php\/product\/pronovias-31\/#primaryimage"},"image":{"@id":"https:\/\/redressmx.com\/index.php\/product\/pronovias-31\/#primaryimage"},"thumbnailUrl":"https:\/\/redressmx.com\/wp-content\/uploads\/2025\/03\/359.png","datePublished":"2025-03-05T18:26:02+00:00","dateModified":"2025-03-05T18:35:35+00:00","breadcrumb":{"@id":"https:\/\/redressmx.com\/index.php\/product\/pronovias-31\/#breadcrumb"},"inLanguage":"es","potentialAction":[{"@type":"ReadAction","target":["https:\/\/redressmx.com\/index.php\/product\/pronovias-31\/"]}]},{"@type":"ImageObject","inLanguage":"es","@id":"https:\/\/redressmx.com\/index.php\/product\/pronovias-31\/#primaryimage","url":"https:\/\/redressmx.com\/wp-content\/uploads\/2025\/03\/359.png","contentUrl":"https:\/\/redressmx.com\/wp-content\/uploads\/2025\/03\/359.png","width":1200,"height":1600},{"@type":"BreadcrumbList","@id":"https:\/\/redressmx.com\/index.php\/product\/pronovias-31\/#breadcrumb","itemListElement":[{"@type":"ListItem","position":1,"name":"Inicio","item":"https:\/\/redressmx.com\/"},{"@type":"ListItem","position":2,"name":"Shop","item":"https:\/\/redressmx.com\/index.php\/shop\/"},{"@type":"ListItem","position":3,"name":"Pronovias"}]},{"@type":"WebSite","@id":"https:\/\/redressmx.com\/#website","url":"https:\/\/redressmx.com\/","name":"Re Dress","description":"Somos el marketplace de vestidos pre-loved m\u00e1s exclusivo de M\u00e9xico.","publisher":{"@id":"https:\/\/redressmx.com\/#organization"},"potentialAction":[{"@type":"SearchAction","target":{"@type":"EntryPoint","urlTemplate":"https:\/\/redressmx.com\/?s={search_term_string}"},"query-input":{"@type":"PropertyValueSpecification","valueRequired":true,"valueName":"search_term_string"}}],"inLanguage":"es"},{"@type":"Organization","@id":"https:\/\/redressmx.com\/#organization","name":"Re Dress","url":"https:\/\/redressmx.com\/","logo":{"@type":"ImageObject","inLanguage":"es","@id":"https:\/\/redressmx.com\/#\/schema\/logo\/image\/","url":"https:\/\/redressmx.com\/wp-content\/uploads\/2024\/02\/Grupo-144-2.png","contentUrl":"https:\/\/redressmx.com\/wp-content\/uploads\/2024\/02\/Grupo-144-2.png","width":345,"height":58,"caption":"Re Dress"},"image":{"@id":"https:\/\/redressmx.com\/#\/schema\/logo\/image\/"}}]}},"_links":{"self":[{"href":"https:\/\/redressmx.com\/index.php\/wp-json\/wp\/v2\/product\/8021","targetHints":{"allow":["GET"]}}],"collection":[{"href":"https:\/\/redressmx.com\/index.php\/wp-json\/wp\/v2\/product"}],"about":[{"href":"https:\/\/redressmx.com\/index.php\/wp-json\/wp\/v2\/types\/product"}],"replies":[{"embeddable":true,"href":"https:\/\/redressmx.com\/index.php\/wp-json\/wp\/v2\/comments?post=8021"}],"wp:featuredmedia":[{"embeddable":true,"href":"https:\/\/redressmx.com\/index.php\/wp-json\/wp\/v2\/media\/8024"}],"wp:attachment":[{"href":"https:\/\/redressmx.com\/index.php\/wp-json\/wp\/v2\/media?parent=8021"}],"wp:term":[{"taxonomy":"product_brand","embeddable":true,"href":"https:\/\/redressmx.com\/index.php\/wp-json\/wp\/v2\/product_brand?post=8021"},{"taxonomy":"product_cat","embeddable":true,"href":"https:\/\/redressmx.com\/index.php\/wp-json\/wp\/v2\/product_cat?post=8021"},{"taxonomy":"product_tag","embeddable":true,"href":"https:\/\/redressmx.com\/index.php\/wp-json\/wp\/v2\/product_tag?post=8021"}],"curies":[{"name":"wp","href":"https:\/\/api.w.org\/{rel}","templated":true}]}}