{"id":8842,"date":"2025-07-15T12:55:24","date_gmt":"2025-07-15T18:55:24","guid":{"rendered":"https:\/\/redressmx.com\/?post_type=product&#038;p=8842"},"modified":"2025-07-15T13:06:08","modified_gmt":"2025-07-15T19:06:08","slug":"georgina-chavez-2","status":"publish","type":"product","link":"https:\/\/redressmx.com\/index.php\/product\/georgina-chavez-2\/","title":{"rendered":"Georgina Chavez"},"content":{"rendered":"<section id=\"comp-lkps50pc\" class=\"xuzjBY comp-lkps50pc-container comp-lkps50pc wixui-section undefined\" tabindex=\"-1\" data-block-level-container=\"Section\" data-testid=\"section-container\">\n<div id=\"comp-lkps559k\" class=\"comp-lkps559k comp-lkps559k-container\">\n<div id=\"comp-lkps559k_r_comp-kottondk\" class=\"comp-lkps559k_r_comp-kottondk-container\">\n<div id=\"comp-lkps559k_r_comp-kottondp\" class=\"rM7ckN YJEKQk comp-lkps559k_r_comp-kottondp-container comp-lkps559k_r_comp-kottondp wixui-box\">\n<div id=\"comp-lkps559k_r_comp-lgvxewql\" class=\"rM7ckN YJEKQk comp-lkps559k_r_comp-lgvxewql-container comp-lkps559k_r_comp-lgvxewql wixui-box\">\n<div id=\"comp-lkps559k_r_comp-l2itfe7i\" class=\"comp-lkps559k_r_comp-l2itfe7i comp-lkps559k_r_comp-l2itfe7i-container\">\n<div id=\"comp-lkps559k_r_comp-l2itfe7i_r_comp-kquuuy72\" class=\"comp-lkps559k_r_comp-l2itfe7i_r_comp-kquuuy72-container\">\n<div id=\"comp-lkps559k_r_comp-l2itfe7i_r_comp-kquuuy732\" class=\"rM7ckN YJEKQk comp-lkps559k_r_comp-l2itfe7i_r_comp-kquuuy732-container comp-lkps559k_r_comp-l2itfe7i_r_comp-kquuuy732 wixui-box\">\n<div id=\"comp-lkps559k_r_comp-l2itfe7i_r_comp-kquuuy79\" class=\"Mdue19 comp-lkps559k_r_comp-l2itfe7i_r_comp-kquuuy79 wixui-repeater\">\n<div class=\"comp-lkps559k_r_comp-l2itfe7i_r_comp-kquuuy79-container\" role=\"list\" data-testid=\"responsive-container-content\">\n<div id=\"comp-lkps559k_r_comp-l2itfe7i_r_comp-kquuuy80__0615e5f4-217d-3192-ce6d-238529e8f81b\" class=\"rM7ckN YJEKQk comp-lkps559k_r_comp-l2itfe7i_r_comp-kquuuy80-container comp-lkps559k_r_comp-l2itfe7i_r_comp-kquuuy80 wixui-repeater__item\" role=\"listitem\">\n<div id=\"comp-lkps559k_r_comp-l2itfe7i_r_comp-kwezj0j5__0615e5f4-217d-3192-ce6d-238529e8f81b\" class=\"HcOXKn SxM0TO QxJLC3 comp-lkps559k_r_comp-l2itfe7i_r_comp-kwezj0j5 wixui-rich-text\" data-testid=\"richTextElement\">\n<div class=\"font_8 wixui-rich-text__text\">\n<p>Vestido negro con dise\u00f1o de brillos en forma de flores en tonos rosas. Cuenta con escote coraz\u00f3n, tirantes removibles y espalda ajustable con cintas tipo corset. La falda est\u00e1 compuesta por m\u00faltiples capas de tul con crinolina ligera para dar volumen. Incluye bolsas ocultas en los costados. Usado una sola vez, en excelentes condiciones.<\/p>\n<\/div>\n<\/div>\n<\/div>\n<\/div>\n<\/div>\n<\/div>\n<\/div>\n<\/div>\n<\/div>\n<\/div>\n<\/div>\n<\/div>\n<\/section>\n<p>Descuento: 55%<\/p>\n","protected":false},"excerpt":{"rendered":"<p>Talla: 8\u00a0 \u00a0 \u00a0 \u00a0 \u00a0 \u00a0 \u00a0 \u00a0 Desc: 55%<\/p>\n","protected":false},"featured_media":8845,"comment_status":"open","ping_status":"closed","template":"","meta":[],"product_brand":[],"product_cat":[1522,1920,29,137,32,240,22],"product_tag":[1282,2072,2073,132,273,397,228,1674,1891,2071,1930,24,1931,494,524,1849],"class_list":{"0":"post-8842","1":"product","2":"type-product","3":"status-publish","4":"has-post-thumbnail","6":"product_cat-ana-lorena-bridal","7":"product_cat-georgina-chavez","8":"product_cat-general","9":"product_cat-137","10":"product_cat-abajo-de-8000","11":"product_cat-negro","12":"product_cat-vestidos-formales","13":"product_tag-vero-diaz-preloved","14":"product_tag-vero-diaz-usado","15":"product_tag-vero-diaz-utilizado","16":"product_tag-vestido-de-novia","17":"product_tag-vestido-de-novia-barato","18":"product_tag-vestido-de-novia-en-descuento","19":"product_tag-vestido-de-novia-preloved","20":"product_tag-vestido-de-novia-sale","21":"product_tag-vestido-de-novia-usado","22":"product_tag-vestido-de-novia-vero-diaz","23":"product_tag-vestido-en-sale","24":"product_tag-vestido-formal","25":"product_tag-vestido-formal-azul-marino","26":"product_tag-vestido-formal-en-descuento","27":"product_tag-vestido-formal-preloved","28":"product_tag-vestido-formal-sale","30":"first","31":"instock","32":"sale","33":"shipping-taxable","34":"purchasable","35":"product-type-simple"},"yoast_head":"<!-- This site is optimized with the Yoast SEO plugin v26.8 - https:\/\/yoast.com\/product\/yoast-seo-wordpress\/ -->\n<title>Georgina Chavez - Re Dress<\/title>\n<meta name=\"robots\" content=\"index, follow, max-snippet:-1, max-image-preview:large, max-video-preview:-1\" \/>\n<link rel=\"canonical\" href=\"https:\/\/redressmx.com\/index.php\/product\/georgina-chavez-2\/\" \/>\n<meta property=\"og:locale\" content=\"es_MX\" \/>\n<meta property=\"og:type\" content=\"article\" \/>\n<meta property=\"og:title\" content=\"Georgina Chavez - Re Dress\" \/>\n<meta property=\"og:description\" content=\"Talla: 8\u00a0 \u00a0 \u00a0 \u00a0 \u00a0 \u00a0 \u00a0 \u00a0 Desc: 55%\" \/>\n<meta property=\"og:url\" content=\"https:\/\/redressmx.com\/index.php\/product\/georgina-chavez-2\/\" \/>\n<meta property=\"og:site_name\" content=\"Re Dress\" \/>\n<meta property=\"article:modified_time\" content=\"2025-07-15T19:06:08+00:00\" \/>\n<meta property=\"og:image\" content=\"https:\/\/redressmx.com\/wp-content\/uploads\/2025\/07\/3-9-768x1024.png\" \/>\n\t<meta property=\"og:image:width\" content=\"768\" \/>\n\t<meta property=\"og:image:height\" content=\"1024\" \/>\n\t<meta property=\"og:image:type\" content=\"image\/png\" \/>\n<meta name=\"twitter:card\" content=\"summary_large_image\" \/>\n<meta name=\"twitter:label1\" content=\"Tiempo de lectura\" \/>\n\t<meta name=\"twitter:data1\" content=\"1 minuto\" \/>\n<script type=\"application\/ld+json\" class=\"yoast-schema-graph\">{\"@context\":\"https:\/\/schema.org\",\"@graph\":[{\"@type\":\"WebPage\",\"@id\":\"https:\/\/redressmx.com\/index.php\/product\/georgina-chavez-2\/\",\"url\":\"https:\/\/redressmx.com\/index.php\/product\/georgina-chavez-2\/\",\"name\":\"Georgina Chavez - Re Dress\",\"isPartOf\":{\"@id\":\"https:\/\/redressmx.com\/#website\"},\"primaryImageOfPage\":{\"@id\":\"https:\/\/redressmx.com\/index.php\/product\/georgina-chavez-2\/#primaryimage\"},\"image\":{\"@id\":\"https:\/\/redressmx.com\/index.php\/product\/georgina-chavez-2\/#primaryimage\"},\"thumbnailUrl\":\"https:\/\/redressmx.com\/wp-content\/uploads\/2025\/07\/3-9.png\",\"datePublished\":\"2025-07-15T18:55:24+00:00\",\"dateModified\":\"2025-07-15T19:06:08+00:00\",\"breadcrumb\":{\"@id\":\"https:\/\/redressmx.com\/index.php\/product\/georgina-chavez-2\/#breadcrumb\"},\"inLanguage\":\"es\",\"potentialAction\":[{\"@type\":\"ReadAction\",\"target\":[\"https:\/\/redressmx.com\/index.php\/product\/georgina-chavez-2\/\"]}]},{\"@type\":\"ImageObject\",\"inLanguage\":\"es\",\"@id\":\"https:\/\/redressmx.com\/index.php\/product\/georgina-chavez-2\/#primaryimage\",\"url\":\"https:\/\/redressmx.com\/wp-content\/uploads\/2025\/07\/3-9.png\",\"contentUrl\":\"https:\/\/redressmx.com\/wp-content\/uploads\/2025\/07\/3-9.png\",\"width\":1200,\"height\":1600},{\"@type\":\"BreadcrumbList\",\"@id\":\"https:\/\/redressmx.com\/index.php\/product\/georgina-chavez-2\/#breadcrumb\",\"itemListElement\":[{\"@type\":\"ListItem\",\"position\":1,\"name\":\"Inicio\",\"item\":\"https:\/\/redressmx.com\/\"},{\"@type\":\"ListItem\",\"position\":2,\"name\":\"Shop\",\"item\":\"https:\/\/redressmx.com\/index.php\/shop\/\"},{\"@type\":\"ListItem\",\"position\":3,\"name\":\"Georgina Chavez\"}]},{\"@type\":\"WebSite\",\"@id\":\"https:\/\/redressmx.com\/#website\",\"url\":\"https:\/\/redressmx.com\/\",\"name\":\"Re Dress\",\"description\":\"Somos el marketplace de vestidos pre-loved m\u00e1s exclusivo de M\u00e9xico.\",\"publisher\":{\"@id\":\"https:\/\/redressmx.com\/#organization\"},\"potentialAction\":[{\"@type\":\"SearchAction\",\"target\":{\"@type\":\"EntryPoint\",\"urlTemplate\":\"https:\/\/redressmx.com\/?s={search_term_string}\"},\"query-input\":{\"@type\":\"PropertyValueSpecification\",\"valueRequired\":true,\"valueName\":\"search_term_string\"}}],\"inLanguage\":\"es\"},{\"@type\":\"Organization\",\"@id\":\"https:\/\/redressmx.com\/#organization\",\"name\":\"Re Dress\",\"url\":\"https:\/\/redressmx.com\/\",\"logo\":{\"@type\":\"ImageObject\",\"inLanguage\":\"es\",\"@id\":\"https:\/\/redressmx.com\/#\/schema\/logo\/image\/\",\"url\":\"https:\/\/redressmx.com\/wp-content\/uploads\/2024\/02\/Grupo-144-2.png\",\"contentUrl\":\"https:\/\/redressmx.com\/wp-content\/uploads\/2024\/02\/Grupo-144-2.png\",\"width\":345,\"height\":58,\"caption\":\"Re Dress\"},\"image\":{\"@id\":\"https:\/\/redressmx.com\/#\/schema\/logo\/image\/\"}}]}<\/script>\n<!-- \/ Yoast SEO plugin. -->","yoast_head_json":{"title":"Georgina Chavez - Re Dress","robots":{"index":"index","follow":"follow","max-snippet":"max-snippet:-1","max-image-preview":"max-image-preview:large","max-video-preview":"max-video-preview:-1"},"canonical":"https:\/\/redressmx.com\/index.php\/product\/georgina-chavez-2\/","og_locale":"es_MX","og_type":"article","og_title":"Georgina Chavez - Re Dress","og_description":"Talla: 8\u00a0 \u00a0 \u00a0 \u00a0 \u00a0 \u00a0 \u00a0 \u00a0 Desc: 55%","og_url":"https:\/\/redressmx.com\/index.php\/product\/georgina-chavez-2\/","og_site_name":"Re Dress","article_modified_time":"2025-07-15T19:06:08+00:00","og_image":[{"width":768,"height":1024,"url":"https:\/\/redressmx.com\/wp-content\/uploads\/2025\/07\/3-9-768x1024.png","type":"image\/png"}],"twitter_card":"summary_large_image","twitter_misc":{"Tiempo de lectura":"1 minuto"},"schema":{"@context":"https:\/\/schema.org","@graph":[{"@type":"WebPage","@id":"https:\/\/redressmx.com\/index.php\/product\/georgina-chavez-2\/","url":"https:\/\/redressmx.com\/index.php\/product\/georgina-chavez-2\/","name":"Georgina Chavez - Re Dress","isPartOf":{"@id":"https:\/\/redressmx.com\/#website"},"primaryImageOfPage":{"@id":"https:\/\/redressmx.com\/index.php\/product\/georgina-chavez-2\/#primaryimage"},"image":{"@id":"https:\/\/redressmx.com\/index.php\/product\/georgina-chavez-2\/#primaryimage"},"thumbnailUrl":"https:\/\/redressmx.com\/wp-content\/uploads\/2025\/07\/3-9.png","datePublished":"2025-07-15T18:55:24+00:00","dateModified":"2025-07-15T19:06:08+00:00","breadcrumb":{"@id":"https:\/\/redressmx.com\/index.php\/product\/georgina-chavez-2\/#breadcrumb"},"inLanguage":"es","potentialAction":[{"@type":"ReadAction","target":["https:\/\/redressmx.com\/index.php\/product\/georgina-chavez-2\/"]}]},{"@type":"ImageObject","inLanguage":"es","@id":"https:\/\/redressmx.com\/index.php\/product\/georgina-chavez-2\/#primaryimage","url":"https:\/\/redressmx.com\/wp-content\/uploads\/2025\/07\/3-9.png","contentUrl":"https:\/\/redressmx.com\/wp-content\/uploads\/2025\/07\/3-9.png","width":1200,"height":1600},{"@type":"BreadcrumbList","@id":"https:\/\/redressmx.com\/index.php\/product\/georgina-chavez-2\/#breadcrumb","itemListElement":[{"@type":"ListItem","position":1,"name":"Inicio","item":"https:\/\/redressmx.com\/"},{"@type":"ListItem","position":2,"name":"Shop","item":"https:\/\/redressmx.com\/index.php\/shop\/"},{"@type":"ListItem","position":3,"name":"Georgina Chavez"}]},{"@type":"WebSite","@id":"https:\/\/redressmx.com\/#website","url":"https:\/\/redressmx.com\/","name":"Re Dress","description":"Somos el marketplace de vestidos pre-loved m\u00e1s exclusivo de M\u00e9xico.","publisher":{"@id":"https:\/\/redressmx.com\/#organization"},"potentialAction":[{"@type":"SearchAction","target":{"@type":"EntryPoint","urlTemplate":"https:\/\/redressmx.com\/?s={search_term_string}"},"query-input":{"@type":"PropertyValueSpecification","valueRequired":true,"valueName":"search_term_string"}}],"inLanguage":"es"},{"@type":"Organization","@id":"https:\/\/redressmx.com\/#organization","name":"Re Dress","url":"https:\/\/redressmx.com\/","logo":{"@type":"ImageObject","inLanguage":"es","@id":"https:\/\/redressmx.com\/#\/schema\/logo\/image\/","url":"https:\/\/redressmx.com\/wp-content\/uploads\/2024\/02\/Grupo-144-2.png","contentUrl":"https:\/\/redressmx.com\/wp-content\/uploads\/2024\/02\/Grupo-144-2.png","width":345,"height":58,"caption":"Re Dress"},"image":{"@id":"https:\/\/redressmx.com\/#\/schema\/logo\/image\/"}}]}},"_links":{"self":[{"href":"https:\/\/redressmx.com\/index.php\/wp-json\/wp\/v2\/product\/8842","targetHints":{"allow":["GET"]}}],"collection":[{"href":"https:\/\/redressmx.com\/index.php\/wp-json\/wp\/v2\/product"}],"about":[{"href":"https:\/\/redressmx.com\/index.php\/wp-json\/wp\/v2\/types\/product"}],"replies":[{"embeddable":true,"href":"https:\/\/redressmx.com\/index.php\/wp-json\/wp\/v2\/comments?post=8842"}],"wp:featuredmedia":[{"embeddable":true,"href":"https:\/\/redressmx.com\/index.php\/wp-json\/wp\/v2\/media\/8845"}],"wp:attachment":[{"href":"https:\/\/redressmx.com\/index.php\/wp-json\/wp\/v2\/media?parent=8842"}],"wp:term":[{"taxonomy":"product_brand","embeddable":true,"href":"https:\/\/redressmx.com\/index.php\/wp-json\/wp\/v2\/product_brand?post=8842"},{"taxonomy":"product_cat","embeddable":true,"href":"https:\/\/redressmx.com\/index.php\/wp-json\/wp\/v2\/product_cat?post=8842"},{"taxonomy":"product_tag","embeddable":true,"href":"https:\/\/redressmx.com\/index.php\/wp-json\/wp\/v2\/product_tag?post=8842"}],"curies":[{"name":"wp","href":"https:\/\/api.w.org\/{rel}","templated":true}]}}